{"id":82,"date":"2014-03-12T18:32:47","date_gmt":"2014-03-12T16:32:47","guid":{"rendered":"http:\/\/www.storchenreise.de\/reisen\/?page_id=82"},"modified":"2025-09-18T14:29:07","modified_gmt":"2025-09-18T12:29:07","slug":"spanien","status":"publish","type":"page","link":"https:\/\/www.storchenreise.de\/reisen\/fliegen\/segeln-in-den-sueden-die-westroute\/spanien\/","title":{"rendered":"Spanien"},"content":{"rendered":"<p>Der Volksglaube in Spanien sagt, dass St\u00f6rche nur auf H\u00e4usern br\u00fcten, in denen Friede herrscht. Die St\u00f6rche, die auf der Iberischen Halbinsel br\u00fcten, sind in den letzten Jahren faul geworden. Sie sparen sich die lange Reise nach Afrika und bleiben einfach den Winter \u00fcber in Spanien. Und auch viele St\u00f6rche, die aus Deutschland kommen, schlagen hier ihr Winterquartier auf \u2013 am liebsten in der N\u00e4he von riesigen M\u00fcllhalden, denn dort finden sie reichlich Nahrung: Ratten, M\u00e4use und alte Speisereste. Und die N\u00e4he von Reisfeldern ist ebenfalls beliebt bei Meister Langbein.<\/p>\n<p>In Spanien gibt es noch einen K\u00f6nig und eine K\u00f6nigin: gerade hat der alte K\u00f6nig sein Amt niedergelegt und sein Sohn wird demn\u00e4chst das Zepter \u00fcbernehmen. Sie wohnen in der N\u00e4he von Madrid, der spanischen Hauptstadt.<\/p>\n<p>F\u00fcr die Spanier steht die Familie an erster Stelle. Taucht irgendwo ein Kleinkind auf, dann wird alles stehen und liegen gelassen und mit dem Kind gespielt. F\u00fcr die Spanier ist es selbstverst\u00e4ndlich Kinder \u00fcberall mithin zu nehmen, auch wenn es sp\u00e4t wird.\u00a0 Auf den meist sehr gro\u00dfen Familienfesten wird viel getanzt und ordentlich gegessen: viel Fisch, Fleisch, Kartoffeln und Eier gut gew\u00fcrzt mit Knoblauch und Oliven\u00f6l.<\/p>\n\n<div class=\"wissen\"><h2><img decoding=\"async\" class=\" flat alignleft\" src=\"\/reisen\/wordpress\/wp-content\/themes\/storchenreise-child-reisen\/img\/wusstest-du-schon.png\" alt=\"Wusstest Du schon\" width=\"auto\" height=\"200\">Wusstest Du schon, dass \u2026<\/h2><p><\/p>\n<p>es beim Fest der Heiligen Drei K\u00f6nige ein besonderes Ritual gibt? In einen Festtagskuchen werden eine Porzellanfigur und eine Bohne eingebacken. Wer die Figur in seinem St\u00fcckchen Kuchen findet, wird wie ein K\u00f6nig verw\u00f6hnt, der mit der Bohne im Kuchen muss ihn bezahlen.<\/p>\n<p><\/p><\/div>\n<div class=\"fragebogen\"><span>Steckbrief<\/span><br \/>\n<img loading=\"lazy\" decoding=\"async\" class=\"alignright size-medium wp-image-388\" src=\"http:\/\/www.storchenreise.de\/reisen\/wordpress\/wp-content\/uploads\/spanien-ines-225x300.jpg\" alt=\"spanien-ines\" width=\"225\" height=\"300\" srcset=\"https:\/\/www.storchenreise.de\/reisen\/wordpress\/wp-content\/uploads\/spanien-ines-225x300.jpg 225w, https:\/\/www.storchenreise.de\/reisen\/wordpress\/wp-content\/uploads\/spanien-ines.jpg 240w\" sizes=\"auto, (max-width: 225px) 100vw, 225px\" \/><br \/>\n<strong>Wie hei\u00dft du?<\/strong>In\u00e9s<\/p>\n<p><strong>Wie alt bist du?<\/strong>12 Jahre.<\/p>\n<p><strong>Wie begr\u00fc\u00dft man sich bei euch?<\/strong>In Spanien sagen wir \u201cHola\u201d.<\/p>\n<p><strong>Was siehst du, wenn du aus deinem Haus guckst?<\/strong>Unseren Hinterhof \u00a0und Garten.<\/p>\n<p><strong>An welchem Ort bist du am liebsten?<\/strong>Ich mag viele Orte.<\/p>\n<p><strong>Wovor hast du Angst?<\/strong>Ich habe vor nichts Angst.<\/p>\n<p><strong>Was ist dein Lieblingsessen?<\/strong>Reis und Salat.<\/p>\n<p><strong>Was ist dein gr\u00f6\u00dfter Wunsch?<\/strong>Ich w\u00fcrde gerne die englische Popband \u201eOne direction\u201c treffen.<\/p>\n<p><strong>Was m\u00f6chtest du sp\u00e4ter werden?<\/strong>Journalistin.<\/p>\n<p><strong>Was magst du besonders an deiner Stadt?<\/strong>Die Menschen.<\/p>\n<p><strong>Was spielst du am liebsten?<\/strong>Die Sims, das ist ein Computerspiel.<\/p>\n<p><strong>Welches ist dein Lieblingsfest?<\/strong>Mein Geburtstag und Weihnachten.<\/p>\n<p><strong>Was ist dein Lieblingstier?<\/strong>Hund.<\/p>\n<p><strong>Was kannst du besonders gut?<\/strong>Keine Ahnung.<\/p>\n<p><strong>Was m\u00f6chtest du gerne im Handumdrehen lernen?<\/strong>Ich w\u00fcrde gerne alle Sprachen dieser Welt sprechen.<\/p>\n<p><strong>Was kannst du besser als deine Eltern?<\/strong>Tanzen und malen.<\/p>\n<p><strong>In welches Land m\u00f6chtest du gerne mal reisen?<\/strong>Ich w\u00fcrde gerne nach London fahren.<\/p>\n<p><strong>Hast du schon mal einen Storch gesehen?<\/strong>Ja.<br \/>\n<\/div>","protected":false},"excerpt":{"rendered":"<p>Der Volksglaube in Spanien sagt, dass St\u00f6rche nur auf H\u00e4usern br\u00fcten, in denen Friede herrscht. Die St\u00f6rche, die auf der Iberischen Halbinsel br\u00fcten, sind in den letzten Jahren faul geworden. Sie sparen sich die lange Reise nach Afrika und bleiben einfach den Winter \u00fcber in Spanien. Und auch viele St\u00f6rche, die aus Deutschland kommen, schlagen [&hellip;]<\/p>\n<div class=\"excerpt\"> <a href=\"https:\/\/www.storchenreise.de\/reisen\/fliegen\/segeln-in-den-sueden-die-westroute\/spanien\/\"> Weiterlesen &#8230;<\/a><\/div>","protected":false},"author":2,"featured_media":0,"parent":56,"menu_order":129,"comment_status":"closed","ping_status":"closed","template":"","meta":{"footnotes":""},"class_list":["post-82","page","type-page","status-publish","hentry"],"_links":{"self":[{"href":"https:\/\/www.storchenreise.de\/reisen\/wp-json\/wp\/v2\/pages\/82","targetHints":{"allow":["GET"]}}],"collection":[{"href":"https:\/\/www.storchenreise.de\/reisen\/wp-json\/wp\/v2\/pages"}],"about":[{"href":"https:\/\/www.storchenreise.de\/reisen\/wp-json\/wp\/v2\/types\/page"}],"author":[{"embeddable":true,"href":"https:\/\/www.storchenreise.de\/reisen\/wp-json\/wp\/v2\/users\/2"}],"replies":[{"embeddable":true,"href":"https:\/\/www.storchenreise.de\/reisen\/wp-json\/wp\/v2\/comments?post=82"}],"version-history":[{"count":22,"href":"https:\/\/www.storchenreise.de\/reisen\/wp-json\/wp\/v2\/pages\/82\/revisions"}],"predecessor-version":[{"id":565,"href":"https:\/\/www.storchenreise.de\/reisen\/wp-json\/wp\/v2\/pages\/82\/revisions\/565"}],"up":[{"embeddable":true,"href":"https:\/\/www.storchenreise.de\/reisen\/wp-json\/wp\/v2\/pages\/56"}],"wp:attachment":[{"href":"https:\/\/www.storchenreise.de\/reisen\/wp-json\/wp\/v2\/media?parent=82"}],"curies":[{"name":"wp","href":"https:\/\/api.w.org\/{rel}","templated":true}]}}