{"id":77,"date":"2014-03-12T13:25:51","date_gmt":"2014-03-12T11:25:51","guid":{"rendered":"http:\/\/www.storchenreise.de\/reisen\/?page_id=77"},"modified":"2025-09-18T14:28:33","modified_gmt":"2025-09-18T12:28:33","slug":"frankreich","status":"publish","type":"page","link":"https:\/\/www.storchenreise.de\/reisen\/fliegen\/segeln-in-den-sueden-die-westroute\/frankreich\/","title":{"rendered":"Frankreich"},"content":{"rendered":"<p>In Frankreich kennt den Storch jeder: Im Elsass, einer Region im Nordosten Frankreichs, br\u00fctet der Storch auf den D\u00e4chern der gem\u00fctlichen Fachwerkh\u00e4user und auf Kircht\u00fcrmen. Er ist aber auch auf vielen Ortsschildern und Wappen abgebildet, ziert Tassen und Teller, Handt\u00fccher und Babyl\u00e4tzchen. Denn der Storch ist das Symboltier f\u00fcr das Elsass. Die Menschen hier glauben, dass der Storch bei der Kreuzigung von Jesus dabei war. Klar, dass sie ihn deswegen besonders ehren. Und auch in anderen Regionen Frankreichs br\u00fctet Adebar, wie zum Beispiel entlang der Atlantikk\u00fcste.<\/p>\n<p>Frankreich ist doppelt so gro\u00df wie Deutschland. Trotzdem leben hier weniger Menschen.\u00a0 Die Kinder bleiben sehr lange in der Schule &#8211; meistens bis f\u00fcnf Uhr! Kommen sie dann nachhause, m\u00fcssen sie sogar noch Hausaufgaben machen.<\/p>\n<p>Ber\u00fchmt ist der Eifelturm in Frankreich. Du kennst ihn bestimmt auch aus B\u00fcchern oder von Postkarten. Er ist 320 Meter hoch und steht in Paris, der Hauptstadt von Frankreich. Der gigantische Metallturm wurde f\u00fcr die Weltausstellung 1889 gebaut. Ein Storch hat es bisher aber noch nicht gewagt auf ihm zu br\u00fcten.<\/p>\n\n<div class=\"wissen\"><h2><img decoding=\"async\" class=\" flat alignleft\" src=\"\/reisen\/wordpress\/wp-content\/themes\/storchenreise-child-reisen\/img\/wusstest-du-schon.png\" alt=\"Wusstest Du schon\" width=\"auto\" height=\"200\">Wusstest Du schon, dass \u2026<\/h2><p><\/p>\n<p>viele Leckereien, die du bestimmt gerne isst, aus Frankreich kommen? Das Croissant, der Cr\u00eapes und der Flammkuchen zum Beispiel. Der Flammkuchen ist eine Art Pizza, aber mit sehr d\u00fcnnem Teig, auf den Schmand geschmiert und dann mit Zwiebeln und Speck belegt wird<\/p>\n<p><\/p><\/div>\n<div class=\"fragebogen\"><span>Steckbrief<\/span><\/p>\n<p><img loading=\"lazy\" decoding=\"async\" class=\"alignright size-medium wp-image-379\" src=\"http:\/\/www.storchenreise.de\/reisen\/wordpress\/wp-content\/uploads\/frankreich-louise-200x300.jpg\" alt=\"frankreich-louise\" width=\"200\" height=\"300\" srcset=\"https:\/\/www.storchenreise.de\/reisen\/wordpress\/wp-content\/uploads\/frankreich-louise-200x300.jpg 200w, https:\/\/www.storchenreise.de\/reisen\/wordpress\/wp-content\/uploads\/frankreich-louise.jpg 300w\" sizes=\"auto, (max-width: 200px) 100vw, 200px\" \/><br \/>\n<strong>Wie hei\u00dft du?<\/strong> Louise<\/p>\n<p><strong>Wie alt bist du?<\/strong> 6 Jahre<\/p>\n<p><strong>Wie begr\u00fc\u00dft man sich bei euch?<\/strong> Bonjour<\/p>\n<p><strong>Was siehst du, wenn du aus deinem Haus guckst?<\/strong> Den Himmel.<\/p>\n<p><strong>An welchem Ort bist du am liebsten?<\/strong>Am Meer.<\/p>\n<p><strong>Wovor hast du Angst?<\/strong> Vor dem L\u00e4rm von Motorr\u00e4dern.<\/p>\n<p><strong>Was ist dein Lieblingsessen?<\/strong> Nudeln.<\/p>\n<p><strong>Was ist dein gr\u00f6\u00dfter Wunsch?<\/strong> Ich w\u00fcnschte ich k\u00f6nnte fliegen.<\/p>\n<p><strong>Was m\u00f6chtest du sp\u00e4ter werden?<\/strong> K\u00f6chin.<\/p>\n<p><strong>Was magst du besonders an deiner Stadt?<\/strong> Einen gro\u00dfen Park mit dem Namen \u201eThuillat\u201c<\/p>\n<p><strong>Was spielst du am liebsten?<\/strong> Ich spiele am liebsten mit meinem Kuscheltier.<\/p>\n<p><strong>Welches ist dein Lieblingsfest?<\/strong> Weihnachten.<\/p>\n<p><strong>Was ist dein Lieblingstier?<\/strong> Pferd.<\/p>\n<p><strong>Was kannst du besonders gut?<\/strong> Malen.<\/p>\n<p><strong>Was m\u00f6chtest du gerne im Handumdrehen lernen?<\/strong> Reiten.<\/p>\n<p><strong>Was kannst du besser als deine Eltern?<\/strong> Lachen.<\/p>\n<p><strong>In welches Land m\u00f6chtest du gerne mal reisen?<\/strong> Nach Spanien.<\/p>\n<p><strong>Was f\u00e4llt dir zum Storch ein?<\/strong> Reisen.<\/p>\n<p><strong>Hast du schon mal einen Storch gesehen?<\/strong> Ja, ich habe St\u00f6rche aus meinem Fenster aus gesehen.<\/p>\n<p><\/div>","protected":false},"excerpt":{"rendered":"<p>In Frankreich kennt den Storch jeder: Im Elsass, einer Region im Nordosten Frankreichs, br\u00fctet der Storch auf den D\u00e4chern der gem\u00fctlichen Fachwerkh\u00e4user und auf Kircht\u00fcrmen. Er ist aber auch auf vielen Ortsschildern und Wappen abgebildet, ziert Tassen und Teller, Handt\u00fccher und Babyl\u00e4tzchen. Denn der Storch ist das Symboltier f\u00fcr das Elsass. Die Menschen hier glauben, [&hellip;]<\/p>\n<div class=\"excerpt\"> <a href=\"https:\/\/www.storchenreise.de\/reisen\/fliegen\/segeln-in-den-sueden-die-westroute\/frankreich\/\"> Weiterlesen &#8230;<\/a><\/div>","protected":false},"author":2,"featured_media":0,"parent":56,"menu_order":129,"comment_status":"closed","ping_status":"closed","template":"","meta":{"footnotes":""},"class_list":["post-77","page","type-page","status-publish","hentry"],"_links":{"self":[{"href":"https:\/\/www.storchenreise.de\/reisen\/wp-json\/wp\/v2\/pages\/77","targetHints":{"allow":["GET"]}}],"collection":[{"href":"https:\/\/www.storchenreise.de\/reisen\/wp-json\/wp\/v2\/pages"}],"about":[{"href":"https:\/\/www.storchenreise.de\/reisen\/wp-json\/wp\/v2\/types\/page"}],"author":[{"embeddable":true,"href":"https:\/\/www.storchenreise.de\/reisen\/wp-json\/wp\/v2\/users\/2"}],"replies":[{"embeddable":true,"href":"https:\/\/www.storchenreise.de\/reisen\/wp-json\/wp\/v2\/comments?post=77"}],"version-history":[{"count":36,"href":"https:\/\/www.storchenreise.de\/reisen\/wp-json\/wp\/v2\/pages\/77\/revisions"}],"predecessor-version":[{"id":562,"href":"https:\/\/www.storchenreise.de\/reisen\/wp-json\/wp\/v2\/pages\/77\/revisions\/562"}],"up":[{"embeddable":true,"href":"https:\/\/www.storchenreise.de\/reisen\/wp-json\/wp\/v2\/pages\/56"}],"wp:attachment":[{"href":"https:\/\/www.storchenreise.de\/reisen\/wp-json\/wp\/v2\/media?parent=77"}],"curies":[{"name":"wp","href":"https:\/\/api.w.org\/{rel}","templated":true}]}}