{"id":75,"date":"2014-03-12T13:25:25","date_gmt":"2014-03-12T11:25:25","guid":{"rendered":"http:\/\/www.storchenreise.de\/reisen\/?page_id=75"},"modified":"2025-09-18T14:28:27","modified_gmt":"2025-09-18T12:28:27","slug":"deutschland","status":"publish","type":"page","link":"https:\/\/www.storchenreise.de\/reisen\/fliegen\/segeln-in-den-sueden-die-westroute\/deutschland\/","title":{"rendered":"Deutschland"},"content":{"rendered":"<p>Bergenhusen ist ein kleines \u00d6rtchen im Norden Deutschlands. Nur knapp 700 Menschen leben hier in gem\u00fctlichen H\u00e4uschen mit Reetd\u00e4chern jenseits von befahrenen Stra\u00dfen und \u2013\u00a0rund 20 Storchenpaare. Eine gute Wahl, denn in der einzigartigen Fluss- und Wiesenlandschaft finden die St\u00f6rche reichlich Fr\u00f6sche, M\u00e4use und Insekten f\u00fcr ihre Jungen. Trotzdem packt die V\u00f6gel im Sp\u00e4tsommer eine Unruhe und wenig sp\u00e4ter verlassen sie ihre Horste, um sich auf eine lange Reise zu machen. Denn anders als Amseln oder Spatzen verbringen St\u00f6rche den Winter nicht bei uns in Deutschland, sondern fliegen in den S\u00fcden.<\/p>\n<p>In diesem Jahr machen sich zwei besondere St\u00f6rche von Bergenhusen aus auf den Weg in den S\u00fcden: Auf ihrem R\u00fccken ist ein kleiner Solarsender festgebunden, der jede Minute ein Signal abgibt, der von einem Satelliten empfangen und von dort aus an eine Empfangsstation weitergeleitet wird. So wissen wir genau, durch welche L\u00e4nder die beiden St\u00f6rche fliegen, an welchen Orten sie Pausen machen und wo sie schlie\u00dflich den Winter verbringen.<\/p>\n<p>Sei dabei und begleite sie auf ihrer spannenden Reise in den S\u00fcden!<\/p>\n<div class=\"fragebogen\"><span>Steckbrief<\/span><img loading=\"lazy\" decoding=\"async\" class=\"alignright wp-image-357 size-medium\" src=\"http:\/\/www.storchenreise.de\/reisen\/wordpress\/wp-content\/uploads\/deutschland-leoni-300x200.jpg\" alt=\"deutschland-leoni\" width=\"300\" height=\"200\" srcset=\"https:\/\/www.storchenreise.de\/reisen\/wordpress\/wp-content\/uploads\/deutschland-leoni-300x200.jpg 300w, https:\/\/www.storchenreise.de\/reisen\/wordpress\/wp-content\/uploads\/deutschland-leoni.jpg 450w\" sizes=\"auto, (max-width: 300px) 100vw, 300px\" \/><br \/>\n<strong>Wie hei\u00dft du?<\/strong> Leoni<\/p>\n<p><strong>Wie alt bist du?<\/strong> 7 Jahre<\/p>\n<p><strong>Wie begr\u00fc\u00dft man sich bei euch?<\/strong> Hallo<\/p>\n<p><strong>Was siehst du, wenn du aus deinem Haus guckst?<\/strong> Eine Stra\u00dfe und die H\u00e4user auf der anderen Seite der Stra\u00dfe.<\/p>\n<p><strong>An welchem Ort bist du am liebsten?<\/strong> Ich bin am liebsten zuhause.<\/p>\n<p><strong>Wovor hast du Angst?<\/strong> Ich habe Angst, wenn es dunkel wird und ich abends alleine zuhause bin.<\/p>\n<p><strong>Was ist dein Lieblingsessen?<\/strong> Nudeln.<\/p>\n<p><strong>Was ist dein gr\u00f6\u00dfter Wunsch?<\/strong> Ich w\u00fcnsche mir, noch mehr Kuscheltiere zu bekommen.<\/p>\n<p><strong>Was m\u00f6chtest du sp\u00e4ter werden?<\/strong> \u00c4rztin oder Malerin.<\/p>\n<p><strong>Was magst du besonders an deiner Stadt?<\/strong> Ich mag es, dass es in Berlin so viele L\u00e4den gibt.<\/p>\n<p><strong>Was spielst du am liebsten?<\/strong> Ich spiele am liebsten fangen.<\/p>\n<p><strong>Welches ist dein Lieblingsfest?<\/strong> Mein Geburtstag.<\/p>\n<p><strong>Was ist dein Lieblingstier?<\/strong> Hund.<\/p>\n<p><strong>Was kannst du besonders gut?<\/strong> Schreiben und lesen.<\/p>\n<p><strong>Was m\u00f6chtest du gerne im Handumdrehen lernen?<\/strong> Rechnen.<\/p>\n<p><strong>Was kannst du besser als deine Eltern?<\/strong> Klettern.<\/p>\n<p><strong>In welches Land m\u00f6chtest du gerne mal reisen?<\/strong> Nach Spanien.<\/p>\n<p><strong>Was f\u00e4llt dir zum Storch ein?<\/strong> Er kann auf einem Bein stehen und hat lange Beine.<\/p>\n<p><strong>Hast du schon mal einen Storch gesehen?<\/strong> Ja, an der Ostsee.<\/p>\n<p><\/div>","protected":false},"excerpt":{"rendered":"<p>Bergenhusen ist ein kleines \u00d6rtchen im Norden Deutschlands. Nur knapp 700 Menschen leben hier in gem\u00fctlichen H\u00e4uschen mit Reetd\u00e4chern jenseits von befahrenen Stra\u00dfen und \u2013\u00a0rund 20 Storchenpaare. Eine gute Wahl, denn in der einzigartigen Fluss- und Wiesenlandschaft finden die St\u00f6rche reichlich Fr\u00f6sche, M\u00e4use und Insekten f\u00fcr ihre Jungen. Trotzdem packt die V\u00f6gel im Sp\u00e4tsommer eine [&hellip;]<\/p>\n<div class=\"excerpt\"> <a href=\"https:\/\/www.storchenreise.de\/reisen\/fliegen\/segeln-in-den-sueden-die-westroute\/deutschland\/\"> Weiterlesen &#8230;<\/a><\/div>","protected":false},"author":2,"featured_media":0,"parent":56,"menu_order":129,"comment_status":"closed","ping_status":"closed","template":"","meta":{"footnotes":""},"class_list":["post-75","page","type-page","status-publish","hentry"],"_links":{"self":[{"href":"https:\/\/www.storchenreise.de\/reisen\/wp-json\/wp\/v2\/pages\/75","targetHints":{"allow":["GET"]}}],"collection":[{"href":"https:\/\/www.storchenreise.de\/reisen\/wp-json\/wp\/v2\/pages"}],"about":[{"href":"https:\/\/www.storchenreise.de\/reisen\/wp-json\/wp\/v2\/types\/page"}],"author":[{"embeddable":true,"href":"https:\/\/www.storchenreise.de\/reisen\/wp-json\/wp\/v2\/users\/2"}],"replies":[{"embeddable":true,"href":"https:\/\/www.storchenreise.de\/reisen\/wp-json\/wp\/v2\/comments?post=75"}],"version-history":[{"count":25,"href":"https:\/\/www.storchenreise.de\/reisen\/wp-json\/wp\/v2\/pages\/75\/revisions"}],"predecessor-version":[{"id":142,"href":"https:\/\/www.storchenreise.de\/reisen\/wp-json\/wp\/v2\/pages\/75\/revisions\/142"}],"up":[{"embeddable":true,"href":"https:\/\/www.storchenreise.de\/reisen\/wp-json\/wp\/v2\/pages\/56"}],"wp:attachment":[{"href":"https:\/\/www.storchenreise.de\/reisen\/wp-json\/wp\/v2\/media?parent=75"}],"curies":[{"name":"wp","href":"https:\/\/api.w.org\/{rel}","templated":true}]}}