{"id":7,"date":"2014-03-04T14:49:57","date_gmt":"2014-03-04T12:49:57","guid":{"rendered":"http:\/\/www.storchenreise.de\/reisen\/?page_id=7"},"modified":"2025-09-18T14:23:46","modified_gmt":"2025-09-18T12:23:46","slug":"fliegen","status":"publish","type":"page","link":"https:\/\/www.storchenreise.de\/reisen\/","title":{"rendered":"Fliegen"},"content":{"rendered":"<p>Kannst du dir vorstellen, jedes Jahr aufs neue deinen Koffer zu packen, eine gef\u00e4hrliche und beschwerliche Reise auf dich zu nehmen, nur um den Winter im Warmen zu verbringen? Nein?! Genau das macht aber Rudi Rotbein, ein Wei\u00dfstorch, der in seinen Briefen einmal im Monat von den Abenteuern auf seiner Reise berichtet.<\/p>\n<p><a href=\"https:\/\/www.storchenreise.de\/reisen\/fliegen\/segeln-in-den-sueden-die-ostroute\/rudi-rotbein-auf-reisen\/\">Klicke hier, um Rudi auf seiner Reise zu begleiten und spannende Neuigkeiten zu erfahren.<\/a><\/p>\n<p>Auch der Wei\u00dfstorch Arthur reist jedes Jahr in den S\u00fcden und mit ihm Millionen anderer Zugv\u00f6gel. Begleitet Arthur doch auf seiner Reise in den S\u00fcden &#8211; also nat\u00fcrlich nicht in echt, sondern im Computer. Das erm\u00f6glichte euch ein kleiner Sender, den Arthur auf seinem R\u00fccken tr\u00e4gt. Der Sender ist so klein wie eine Streichholzschachtel und gibt Signale ab. Die Signale werden von einem Satelliten empfangen und von dort an eine Empfangsstation weitergeleitet. Die Station steht bei unserem Storchenexperten Kai. Er wertet die Daten aus.<\/p>\n<p><a href=\"https:\/\/www.storchenreise.de\/reisen\/fliegen\/segeln-in-den-sueden-die-ostroute\/storchenreise-arthur-2017-ein-fruehlingsbote-kehrt-zurueck\/\">Klicke hier, um Arthur auf seiner Reise in den S\u00fcden zu begleiten! <\/a><\/p>\n<p>Wir haben damals noch einen zweiten Storch, Peter, mit einem Sender ausger\u00fcstet. Leider ist er im Libanon auf seiner Reise geschossen worden.<\/p>\n<p><a href=\"https:\/\/www.storchenreise.de\/reisen\/fliegen\/segeln-in-den-sueden-die-ostroute\/storchenreise-peter-2014-ein-sender-geht-auf-reisen\/\">Klicke hier, um zu sehen, \u00fcber welche L\u00e4nder Peter in den letzten drei Jahren gesegelt ist.<\/a><\/p>\n<p>St\u00f6rche ziehen auf zwei unterschiedlichen Flugrouten in den S\u00fcden: auf der Ost- und auf der Westrote. Arthur fliegt \u00fcber die Ostroute nach Afrika. M\u00f6chtest du wissen, \u00fcber welche L\u00e4nder St\u00f6rche fliegen, die \u00fcber die Westroute fliegen?<\/p>\n<p><a href=\"https:\/\/www.storchenreise.de\/reisen\/fliegen\/segeln-in-den-sueden-die-westroute\/\">Klicke hier, um mit einem Storch die Westroute entlang in den S\u00fcden zu fliegen.<\/a><\/p>\n<p>In unserem Film kannst du sehen, wie unsere Storchenexperten Kai und Michael aus Bergenhusen, einen Storch fangen und ihm einen Sender auf den R\u00fccken schnallen.<\/p>\n<p><iframe loading=\"lazy\" src=\"\/\/www.youtube-nocookie.com\/embed\/fSh9IZGJLfg?rel=0\" width=\"864\" height=\"648\" frameborder=\"0\" allowfullscreen=\"allowfullscreen\"><\/iframe><\/p>\n<p><a title=\"Segeln in den S\u00fcden: Die Westroute\" href=\"http:\/\/www.storchenreise.de\/reisen\/fliegen\/segeln-in-den-sueden-die-westroute\/\">\u00a0 <\/a><\/p>\n<blockquote><p><strong>\u00a0<\/strong><\/p><\/blockquote>","protected":false},"excerpt":{"rendered":"<p>Kannst du dir vorstellen, jedes Jahr aufs neue deinen Koffer zu packen, eine gef\u00e4hrliche und beschwerliche Reise auf dich zu nehmen, nur um den Winter im Warmen zu verbringen? Nein?! Genau das macht aber Rudi Rotbein, ein Wei\u00dfstorch, der in seinen Briefen einmal im Monat von den Abenteuern auf seiner Reise berichtet. Klicke hier, um [&hellip;]<\/p>\n<div class=\"excerpt\"> <a href=\"https:\/\/www.storchenreise.de\/reisen\/\"> Weiterlesen &#8230;<\/a><\/div>","protected":false},"author":2,"featured_media":0,"parent":0,"menu_order":100,"comment_status":"closed","ping_status":"closed","template":"","meta":{"footnotes":""},"class_list":["post-7","page","type-page","status-publish","hentry"],"_links":{"self":[{"href":"https:\/\/www.storchenreise.de\/reisen\/wp-json\/wp\/v2\/pages\/7","targetHints":{"allow":["GET"]}}],"collection":[{"href":"https:\/\/www.storchenreise.de\/reisen\/wp-json\/wp\/v2\/pages"}],"about":[{"href":"https:\/\/www.storchenreise.de\/reisen\/wp-json\/wp\/v2\/types\/page"}],"author":[{"embeddable":true,"href":"https:\/\/www.storchenreise.de\/reisen\/wp-json\/wp\/v2\/users\/2"}],"replies":[{"embeddable":true,"href":"https:\/\/www.storchenreise.de\/reisen\/wp-json\/wp\/v2\/comments?post=7"}],"version-history":[{"count":4,"href":"https:\/\/www.storchenreise.de\/reisen\/wp-json\/wp\/v2\/pages\/7\/revisions"}],"predecessor-version":[{"id":1682,"href":"https:\/\/www.storchenreise.de\/reisen\/wp-json\/wp\/v2\/pages\/7\/revisions\/1682"}],"wp:attachment":[{"href":"https:\/\/www.storchenreise.de\/reisen\/wp-json\/wp\/v2\/media?parent=7"}],"curies":[{"name":"wp","href":"https:\/\/api.w.org\/{rel}","templated":true}]}}