{"id":67,"date":"2014-03-11T18:03:42","date_gmt":"2014-03-11T16:03:42","guid":{"rendered":"http:\/\/www.storchenreise.de\/reisen\/?page_id=67"},"modified":"2025-09-18T14:28:23","modified_gmt":"2025-09-18T12:28:23","slug":"algerien","status":"publish","type":"page","link":"https:\/\/www.storchenreise.de\/reisen\/fliegen\/segeln-in-den-sueden-die-westroute\/algerien\/","title":{"rendered":"Algerien"},"content":{"rendered":"<p>Im Norden von Algerien lebten und br\u00fcteten schon immer viele St\u00f6rche. So viele, dass sie sogar in die Schweiz gebracht und dort wieder angesiedelt wurden. Denn dort gab es eine Zeit lang nur noch so wenig St\u00f6rche, dass die Schweizer Angst hatten, sie k\u00f6nnten aussterben.<\/p>\n<p>Algerien ist nicht nur sieben Mal so gro\u00df wie Deutschland, es ist sogar das gr\u00f6\u00dfte Land in ganz Afrika. Fr\u00fcher geh\u00f6rte Algerien zu Frankreich, seit 1962 ist das Land unabh\u00e4ngig.<\/p>\n<p>Algerien wird bis auf den Norden fast vollst\u00e4ndig von der W\u00fcste Sahara bedeckt. Die ist in Algerien allerdings besonders abwechslungsreich: Es gibt riesige Sandd\u00fcnen, steinige Stufenlandschaften und ein Hochgebirge, das Ahaggar, das aus Vulkanen entstanden ist. Auch das Essen ist vielseitig: Suppen, viel Fleisch mit Couscous, Kichererbsen-Quiche im Sandwich, Fladenbrot und Gem\u00fcse stillen den Hunger der Algerier.<\/p>\n<p>Wenn die Schule vorbei ist, spielen viele Kinder Fu\u00dfball auf der Stra\u00dfe, denn dieser Sport ist in Algerien sehr beliebt. Die meisten Kinder haben zwei oder drei Geschwister und leben mit ihren Familien an der K\u00fcste, viele in der Hauptstadt Algier.<\/p>\n<p>&nbsp;<\/p>\n\n<div class=\"wissen\"><h2><img decoding=\"async\" class=\" flat alignleft\" src=\"\/reisen\/wordpress\/wp-content\/themes\/storchenreise-child-reisen\/img\/wusstest-du-schon.png\" alt=\"Wusstest Du schon\" width=\"auto\" height=\"200\">Wusstest Du schon, dass \u2026<\/h2><p><\/p>\n<p>Hamoud Boualem eine algerische Limonade ist, die weltweit mit insgesamt 20 Goldmedaillen ausgezeichnet wurde? Und trotzdem ist das Zitronen-Ingwer-Getr\u00e4nk, das \u00e4lter ist als Coca-Cola, unbekannt.<\/p>\n<p><\/p><\/div>\n<div class=\"fragebogen\"><span>Steckbrief<\/span><br \/>\n<strong>Wie hei\u00dft du?<\/strong> Feriel<\/p>\n<p><strong>Wie alt bist du?<\/strong> 15 Jahre<\/p>\n<p><strong>Wie begr\u00fc\u00dft man sich bei euch?<\/strong> \u0645\u0631\u062d\u0628\u0627\u064b<\/p>\n<p><strong>Was siehst du, wenn du aus deinem Haus guckst?<\/strong>Ganz viele B\u00e4ume.<\/p>\n<p><strong>An welchem Ort bist du am liebsten?<\/strong> Ich bin am liebsten auf dem Berg Chria.<\/p>\n<p><strong>Wovor hast du Angst?<\/strong> Ich habe Angst vor Hunden und davor, dass sie mich bei\u00dfen.<\/p>\n<p><strong>Was ist dein Lieblingsessen?<\/strong> Alle m\u00f6glichen Meeresfr\u00fcchte.<\/p>\n<p><strong>Was ist dein gr\u00f6\u00dfter Wunsch?<\/strong> Ich w\u00fcnsche mir, mal ganz weit weg zu reisen.<\/p>\n<p><strong>Was m\u00f6chtest du sp\u00e4ter werden?<\/strong> Architekt.<\/p>\n<p><strong>Was magst du besonders an deiner Stadt?<\/strong> Ich mag meine Stadt, weil es hier alles gibt, was man braucht.<\/p>\n<p><strong>Was spielst du am liebsten?<\/strong> Ich spiele am liebsten Quiz.<\/p>\n<p><strong>Welches ist dein Lieblingsfest?<\/strong> Eid al_Adha.<\/p>\n<p><strong>Was ist dein Lieblingstier?<\/strong> Pferde.<\/p>\n<p><strong>Was kannst du besonders gut?<\/strong> Schwimmen.<\/p>\n<p><strong>Was m\u00f6chtest du gerne im Handumdrehen lernen?<\/strong> Koreanisch.<\/p>\n<p><strong>Was kannst du besser als deine Eltern?<\/strong> Internet und soziale Medien benutzen.<\/p>\n<p><strong>In welches Land m\u00f6chtest du gerne mal reisen?<\/strong> Nach S\u00fcdkorea.<\/p>\n<p><strong>Was f\u00e4llt dir zum Storch ein?<\/strong> Er ist ein Vogel, der \u00fcber das Meer fliegt.<\/p>\n<p><strong>Hast du schon mal einen Storch gesehen?<\/strong> Ja, schon oft.<\/p>\n<p><\/div>","protected":false},"excerpt":{"rendered":"<p>Im Norden von Algerien lebten und br\u00fcteten schon immer viele St\u00f6rche. So viele, dass sie sogar in die Schweiz gebracht und dort wieder angesiedelt wurden. Denn dort gab es eine Zeit lang nur noch so wenig St\u00f6rche, dass die Schweizer Angst hatten, sie k\u00f6nnten aussterben. Algerien ist nicht nur sieben Mal so gro\u00df wie Deutschland, [&hellip;]<\/p>\n<div class=\"excerpt\"> <a href=\"https:\/\/www.storchenreise.de\/reisen\/fliegen\/segeln-in-den-sueden-die-westroute\/algerien\/\"> Weiterlesen &#8230;<\/a><\/div>","protected":false},"author":2,"featured_media":0,"parent":56,"menu_order":129,"comment_status":"closed","ping_status":"closed","template":"","meta":{"footnotes":""},"class_list":["post-67","page","type-page","status-publish","hentry"],"_links":{"self":[{"href":"https:\/\/www.storchenreise.de\/reisen\/wp-json\/wp\/v2\/pages\/67","targetHints":{"allow":["GET"]}}],"collection":[{"href":"https:\/\/www.storchenreise.de\/reisen\/wp-json\/wp\/v2\/pages"}],"about":[{"href":"https:\/\/www.storchenreise.de\/reisen\/wp-json\/wp\/v2\/types\/page"}],"author":[{"embeddable":true,"href":"https:\/\/www.storchenreise.de\/reisen\/wp-json\/wp\/v2\/users\/2"}],"replies":[{"embeddable":true,"href":"https:\/\/www.storchenreise.de\/reisen\/wp-json\/wp\/v2\/comments?post=67"}],"version-history":[{"count":4,"href":"https:\/\/www.storchenreise.de\/reisen\/wp-json\/wp\/v2\/pages\/67\/revisions"}],"predecessor-version":[{"id":1483,"href":"https:\/\/www.storchenreise.de\/reisen\/wp-json\/wp\/v2\/pages\/67\/revisions\/1483"}],"up":[{"embeddable":true,"href":"https:\/\/www.storchenreise.de\/reisen\/wp-json\/wp\/v2\/pages\/56"}],"wp:attachment":[{"href":"https:\/\/www.storchenreise.de\/reisen\/wp-json\/wp\/v2\/media?parent=67"}],"curies":[{"name":"wp","href":"https:\/\/api.w.org\/{rel}","templated":true}]}}