{"id":665,"date":"2014-09-12T10:52:16","date_gmt":"2014-09-12T08:52:16","guid":{"rendered":"http:\/\/www.storchenreise.de\/reisen\/?page_id=665"},"modified":"2025-09-18T14:21:30","modified_gmt":"2025-09-18T12:21:30","slug":"tschad","status":"publish","type":"page","link":"https:\/\/www.storchenreise.de\/reisen\/fliegen\/segeln-in-den-sueden-die-ostroute\/tschad\/","title":{"rendered":"Tschad"},"content":{"rendered":"<p>Das Wort \u201eTschad\u201c bedeutet \u201egro\u00dfes Wasser\u201c. Der Name passt gut, denn der riesige Tschadsee ist gleichzeitig Heimat und Rastplatz f\u00fcr mehrere hundert Vogelarten, auch f\u00fcr den Storch. Hier legt er eine l\u00e4ngere Pause ein oder bleibt den ganzen Winter \u00fcber.<\/p>\n<p>Vor \u00fcber 2000 Jahren war der Tschadsee so gro\u00df wie Deutschland, 1960 nur noch so gro\u00df wie Nordrhein Westfalen und er schrumpft immer weiter. In sehr trockenen Jahren ist er sogar nur noch so gro\u00df wie Berlin. Das liegt an der zunehmenden Trockenheit, aber auch daran, dass viele Menschen mit dem Wasser ihre Felder bew\u00e4ssern. Im Tschad leben \u00fcber 200 verschiedene Volksgruppen, viele von ihnen haben eine eigene Sprache, unterschiedliche Lebensweisen und Religionen. Immer wieder gibt es K\u00e4mpfe zwischen den einzelnen Gruppen, vor allem in D\u00fcrrezeiten, wenn das Wasser knapp wird. Im Norden des Tschad liegt die Sahara, eine extrem trockene W\u00fcste. Im S\u00fcden hingegen gibt es auch W\u00e4lder und feuchte Gebiete.<\/p>\n<p>Im Tschad wird die offizielle Schulpflicht kaum eingehalten, deshalb k\u00f6nnen auch nur die H\u00e4lfte der Menschen hier lesen und schreiben. Gerade auf dem Land leben viele Analphabeten. Tschad ist ein sehr armes Land. Viele Menschen leben von der Landwirtschaft. Sie bauen unter anderem Erdn\u00fcssen, Baumwolle, Hirse und Tabak an.<\/p>\n<p>Die gr\u00f6\u00dfte Stadt hei\u00dft N\u2019Djamena und ist gleichzeitig die Hauptstadt des Landes.<\/p>\n<div class=\"wissen\"><h2><img decoding=\"async\" class=\" flat alignleft\" src=\"\/reisen\/wordpress\/wp-content\/themes\/storchenreise-child-reisen\/img\/wusstest-du-schon.png\" alt=\"Wusstest Du schon\" width=\"auto\" height=\"200\">Wusstest Du schon, dass \u2026<\/h2><p><\/p>\n<p>eine der wichtigsten Nutzpflanzen des Tschad \u201eGummi Arabicum\u201c liefert? Das ist ein Pflanzensaft, der vielen Lebensmitteln zugesetzt wird. Ohne ihn w\u00fcrde sich zum Beispiel in Coca-Cola der schwarze Farbstoff an der Flaschenwand absetzen.<\/p>\n<p><\/p><\/div>","protected":false},"excerpt":{"rendered":"<p>Das Wort \u201eTschad\u201c bedeutet \u201egro\u00dfes Wasser\u201c. Der Name passt gut, denn der riesige Tschadsee ist gleichzeitig Heimat und Rastplatz f\u00fcr mehrere hundert Vogelarten, auch f\u00fcr den Storch. Hier legt er eine l\u00e4ngere Pause ein oder bleibt den ganzen Winter \u00fcber. Vor \u00fcber 2000 Jahren war der Tschadsee so gro\u00df wie Deutschland, 1960 nur noch so [&hellip;]<\/p>\n<div class=\"excerpt\"> <a href=\"https:\/\/www.storchenreise.de\/reisen\/fliegen\/segeln-in-den-sueden-die-ostroute\/tschad\/\"> Weiterlesen &#8230;<\/a><\/div>","protected":false},"author":2,"featured_media":0,"parent":605,"menu_order":119,"comment_status":"closed","ping_status":"closed","template":"","meta":{"footnotes":""},"class_list":["post-665","page","type-page","status-publish","hentry"],"_links":{"self":[{"href":"https:\/\/www.storchenreise.de\/reisen\/wp-json\/wp\/v2\/pages\/665","targetHints":{"allow":["GET"]}}],"collection":[{"href":"https:\/\/www.storchenreise.de\/reisen\/wp-json\/wp\/v2\/pages"}],"about":[{"href":"https:\/\/www.storchenreise.de\/reisen\/wp-json\/wp\/v2\/types\/page"}],"author":[{"embeddable":true,"href":"https:\/\/www.storchenreise.de\/reisen\/wp-json\/wp\/v2\/users\/2"}],"replies":[{"embeddable":true,"href":"https:\/\/www.storchenreise.de\/reisen\/wp-json\/wp\/v2\/comments?post=665"}],"version-history":[{"count":7,"href":"https:\/\/www.storchenreise.de\/reisen\/wp-json\/wp\/v2\/pages\/665\/revisions"}],"predecessor-version":[{"id":941,"href":"https:\/\/www.storchenreise.de\/reisen\/wp-json\/wp\/v2\/pages\/665\/revisions\/941"}],"up":[{"embeddable":true,"href":"https:\/\/www.storchenreise.de\/reisen\/wp-json\/wp\/v2\/pages\/605"}],"wp:attachment":[{"href":"https:\/\/www.storchenreise.de\/reisen\/wp-json\/wp\/v2\/media?parent=665"}],"curies":[{"name":"wp","href":"https:\/\/api.w.org\/{rel}","templated":true}]}}