{"id":652,"date":"2014-09-02T11:09:28","date_gmt":"2014-09-02T09:09:28","guid":{"rendered":"http:\/\/www.storchenreise.de\/reisen\/?page_id=652"},"modified":"2025-09-18T14:21:37","modified_gmt":"2025-09-18T12:21:37","slug":"tuerkei","status":"publish","type":"page","link":"https:\/\/www.storchenreise.de\/reisen\/fliegen\/segeln-in-den-sueden-die-ostroute\/tuerkei\/","title":{"rendered":"T\u00fcrkei"},"content":{"rendered":"<p>An seiner schmalsten Stelle ist er 660 Meter breit, an seiner breitesten 3,2 Kilometer. Auf 32 Kilometer L\u00e4nge teilt der Bosporus, eine Meerenge, die t\u00fcrkische Stadt Istanbul in zwei Kontinente: Europa und Asien. T\u00e4glich \u00fcberqueren Hunderttausende von Menschen den Bosporus und wechseln so die Kontinente. Zweimal\u00a0 im Jahr kommen noch Hunderttausende von St\u00f6rchen dazu. Sie segeln an der schmalsten Stelle \u00fcber die Meerenge. Klar ist es ein Umweg \u00fcber die T\u00fcrkei nach Afrika zu fliegen, die St\u00f6rche ersparen sich so aber den energieraubenden Flug \u00fcber das offene Meer.<\/p>\n<p>Im D\u00f6ner oder \u201eYaprak\u201c wie er in der T\u00fcrkei hei\u00dft, steckt kein Schweinefleisch, denn die meisten T\u00fcrken sind Moslems und d\u00fcrfen kein Schwein essen. Feiern die T\u00fcrken den Fastenmonat Ramadan, dann d\u00fcrfen sie gar kein Fleisch essen solange die Sonne scheint. Erst in der Nacht wird geschlemmt: Scharfe Frikadellen, den K\u00f6fte, gebratenes Gem\u00fcse, Salat, Joghurt und B\u00f6rek, Hefeteig mit verschiedenen F\u00fcllungen.<\/p>\n<p>Die Kinder gehen mindestens acht Jahre zur Schule. Oft sind die Klassen sehr gro\u00df: Bis zu 50 Kinder sitzen manchmal zusammen in einem Klassenraum.<\/p>\n<p>Bisher geh\u00f6rt die T\u00fcrkei mit ihrer Hauptstadt Ankara nicht zur EU, hat aber einen Antrag auf Mitgliedschaft gestellt.<\/p>\n<div class=\"wissen\"><h2><img decoding=\"async\" class=\" flat alignleft\" src=\"\/reisen\/wordpress\/wp-content\/themes\/storchenreise-child-reisen\/img\/wusstest-du-schon.png\" alt=\"Wusstest Du schon\" width=\"auto\" height=\"200\">Wusstest Du schon, dass \u2026<\/h2><p><\/p>\n<p>der Storch in der T\u00fcrkei ein besonders gern gesehener Gast ist?\u00a0 In der T\u00fcrkei glauben viele Menschen, dass der Storch die Seele eines verstorbenen Muslims tr\u00e4gt, der zu Lebzeiten die Pilgerreise zur heiligen Stadt Mekka nicht geschafft hat und sich nun im K\u00f6rper des Storches auf die Reise macht. Denn jeder gl\u00e4ubige Moslem sollte einmal in seinem Leben Mekka besuchen.<\/p>\n<p><\/p><\/div>\n<div class=\"fragebogen\"><span>Steckbrief<\/span><\/p>\n<p><img loading=\"lazy\" decoding=\"async\" class=\"alignright size-medium wp-image-703\" src=\"http:\/\/www.storchenreise.de\/reisen\/wordpress\/wp-content\/uploads\/tuerkei-dilara-300x257.jpg\" alt=\"tuerkei-dilara\" width=\"300\" height=\"257\" srcset=\"https:\/\/www.storchenreise.de\/reisen\/wordpress\/wp-content\/uploads\/tuerkei-dilara-300x257.jpg 300w, https:\/\/www.storchenreise.de\/reisen\/wordpress\/wp-content\/uploads\/tuerkei-dilara.jpg 400w\" sizes=\"auto, (max-width: 300px) 100vw, 300px\" \/><\/p>\n<p><b>Wie hei\u00dft du? <\/b>Dilara<\/p>\n<p><b>Wie alt bist du?\u00a0 <\/b>Ich bin elf\u00a0 Jahre alt.<\/p>\n<p><b>Wie begr\u00fc\u00dft man sich bei euch? <\/b>Merhaba.<\/p>\n<p><b>Was siehst du, wenn du aus deinem Haus guckst? <\/b>Menschen und Tiere.<\/p>\n<p><b>An welchem Ort bist du am liebsten? <\/b>In Istanbul.<b> \u00a0<\/b><\/p>\n<p><b>Wovor hast du Angst? <\/b>Ich habe Angst vor der Dunkelheit und Insekten.<b>\u00a0<\/b><\/p>\n<p><b>Was ist dein Lieblingsessen? <\/b>Gef\u00fcllte Weinbl\u00e4tter und\u00a0 Manti, das sind kleine mit Fleisch oder Linsen gef\u00fcllte Teigtaschen.<\/p>\n<p><b>Was ist dein gr\u00f6\u00dfter Wunsch? <\/b>Dass ich in der Schule und beim Tennis erfolgreich bin.<b> \u00a0<\/b><\/p>\n<p><b>Was m\u00f6chtest du sp\u00e4ter werden? <\/b>\u00c4rztin.<\/p>\n<p><b>Was magst du besonders an deiner Stadt? <\/b>Ich gehe hier gerne spazieren und gucke mir Sehensw\u00fcrdigkeiten an.<\/p>\n<p><b>Was spielst du am liebsten? <\/b>Tennis.<\/p>\n<p><b>Welches ist dein Lieblingsfest? <\/b>Der 23 April, das ist der Nationalfeiertag und Kindertag.<\/p>\n<p><b>Was ist dein Lieblingstier? <\/b>V\u00f6gel und Katzen.<\/p>\n<p><b>Was kannst du besonders gut? <\/b>Ich spiele gut Tennis und Fu\u00dfball.<\/p>\n<p><b>Was m\u00f6chtest du gerne im Handumdrehen lernen? <\/b>Schl\u00e4ge beim Tennis, die ich bisher noch nicht gelernt habe.<\/p>\n<p><b>Was kannst du besser als deine Eltern? <\/b>Tennis spielen.<\/p>\n<p><b>In welches Land m\u00f6chtest du gerne mal reisen? <\/b>Nach Frankreich.<\/p>\n<p><b>Was f\u00e4llt dir zum Storch ein? <\/b>Sie haben lange, d\u00fcnne Beine und ziehen in den S\u00fcden, wenn\u00b4s im Winter kalt wird.<\/p>\n<p><\/div>\n<p>&nbsp;<\/p>","protected":false},"excerpt":{"rendered":"<p>An seiner schmalsten Stelle ist er 660 Meter breit, an seiner breitesten 3,2 Kilometer. Auf 32 Kilometer L\u00e4nge teilt der Bosporus, eine Meerenge, die t\u00fcrkische Stadt Istanbul in zwei Kontinente: Europa und Asien. T\u00e4glich \u00fcberqueren Hunderttausende von Menschen den Bosporus und wechseln so die Kontinente. Zweimal\u00a0 im Jahr kommen noch Hunderttausende von St\u00f6rchen dazu. Sie [&hellip;]<\/p>\n<div class=\"excerpt\"> <a href=\"https:\/\/www.storchenreise.de\/reisen\/fliegen\/segeln-in-den-sueden-die-ostroute\/tuerkei\/\"> Weiterlesen &#8230;<\/a><\/div>","protected":false},"author":2,"featured_media":0,"parent":605,"menu_order":119,"comment_status":"closed","ping_status":"closed","template":"","meta":{"footnotes":""},"class_list":["post-652","page","type-page","status-publish","hentry"],"_links":{"self":[{"href":"https:\/\/www.storchenreise.de\/reisen\/wp-json\/wp\/v2\/pages\/652","targetHints":{"allow":["GET"]}}],"collection":[{"href":"https:\/\/www.storchenreise.de\/reisen\/wp-json\/wp\/v2\/pages"}],"about":[{"href":"https:\/\/www.storchenreise.de\/reisen\/wp-json\/wp\/v2\/types\/page"}],"author":[{"embeddable":true,"href":"https:\/\/www.storchenreise.de\/reisen\/wp-json\/wp\/v2\/users\/2"}],"replies":[{"embeddable":true,"href":"https:\/\/www.storchenreise.de\/reisen\/wp-json\/wp\/v2\/comments?post=652"}],"version-history":[{"count":4,"href":"https:\/\/www.storchenreise.de\/reisen\/wp-json\/wp\/v2\/pages\/652\/revisions"}],"predecessor-version":[{"id":865,"href":"https:\/\/www.storchenreise.de\/reisen\/wp-json\/wp\/v2\/pages\/652\/revisions\/865"}],"up":[{"embeddable":true,"href":"https:\/\/www.storchenreise.de\/reisen\/wp-json\/wp\/v2\/pages\/605"}],"wp:attachment":[{"href":"https:\/\/www.storchenreise.de\/reisen\/wp-json\/wp\/v2\/media?parent=652"}],"curies":[{"name":"wp","href":"https:\/\/api.w.org\/{rel}","templated":true}]}}