{"id":649,"date":"2014-09-02T11:02:59","date_gmt":"2014-09-02T09:02:59","guid":{"rendered":"http:\/\/www.storchenreise.de\/reisen\/?page_id=649"},"modified":"2025-09-18T14:19:46","modified_gmt":"2025-09-18T12:19:46","slug":"bulgarien","status":"publish","type":"page","link":"https:\/\/www.storchenreise.de\/reisen\/fliegen\/segeln-in-den-sueden-die-ostroute\/bulgarien\/","title":{"rendered":"Bulgarien"},"content":{"rendered":"<p>\u00dcber acht verschiedene Routen fliegen die St\u00f6rche \u00fcber Bulgarien. ForscherInnen und Vogelfreunde\u00a0 k\u00f6nnen daher die Langbeiner hier besonders gut beobachten und erforschen.<\/p>\n<p>Die Hauptstadt von Bulgarien hei\u00dft Sofia. Hier lebt fast jeder sechste Bulgare. Es gibt sehr viele Gebirge in Bulgarien, das bekannteste ist das Balkangebirge. Da die Gebirge zu einem gro\u00dfen Teil aus br\u00fcchigem Kalkstein bestehen, hat der Regen im Laufe der Jahrtausende gro\u00dfe H\u00f6hlen und Schluchten ausgesp\u00fclt. Die tiefste H\u00f6hle ist 415 Meter tief, die l\u00e4ngste rund 15 Kilometer lang!<\/p>\n<p>Im Tal der Rosen in der Mitte des Landes duftet es nach \u2013 klar! &#8211; Rosen. Hier w\u00e4chst die Damaszener Rose. Aus ihr gewinnen die Bulgaren \u00d6l und stellen daraus Parf\u00fcm her. Gepfl\u00fcckt werden die Rosen schon vor Tagesanbruch, damit die Sonne das \u00d6l in den Bl\u00fctenbl\u00e4ttern nicht austrocknet.<\/p>\n<p>\u00dcbrigens nicken die Bulgaren, wenn sie \u201enein\u201c meinen und sch\u00fctteln den Kopf, wenn sie \u201eja\u201c sagen wollen.<\/p>\n<div class=\"wissen\"><h2><img decoding=\"async\" class=\" flat alignleft\" src=\"\/reisen\/wordpress\/wp-content\/themes\/storchenreise-child-reisen\/img\/wusstest-du-schon.png\" alt=\"Wusstest Du schon\" width=\"auto\" height=\"200\">Wusstest Du schon, dass \u2026<\/h2><p><\/p>\n<p>viele Bulgaren ab dem ersten M\u00e4rz solange ein Martenitza, ein Armband, tragen bis sie ein erstes Fr\u00fchlingszeichen wie einen Storch, eine Schwalbe oder einen bl\u00fchenden Baum sehen? Sie glauben, dass das Armband Gesundheit und Gl\u00fcck bringt. Entdecken sie einen Fr\u00fchlingsboten, dann h\u00e4ngen sie das Martenitza an den Baum oder legen es unter einen Stein und w\u00fcnschen sich etwas Sch\u00f6nes.<\/p>\n<p><\/p><\/div>\n<p>&nbsp;<\/p>\n\n<div class=\"fragebogen\"><span>Steckbrief<\/span><br \/>\n<strong>Wie hei\u00dft du?<\/strong> Lea<\/p>\n<p><strong>Wie alt bist du?<\/strong> 14 Jahre<\/p>\n<p><strong>Wie begr\u00fc\u00dft man sich bei euch?<\/strong> \u0434\u0440\u0430\u0432\u0435\u0438<\/p>\n<p><strong>Was siehst du, wenn du aus deinem Haus guckst?<\/strong> Einen Baum und H\u00e4user, sieht nicht so sch\u00f6n aus&#8230;<\/p>\n<p><strong>An welchem Ort bist du am liebsten?<\/strong> Ich bin am liebsten in der Mall of Sofia, das ist ein gro\u00dfes Shoppingcenter.<\/p>\n<p><strong>Wovor hast du Angst?<\/strong> Ich habe Angst vor der Dunkelheit.<\/p>\n<p><strong>Was ist dein Lieblingsessen?<\/strong> H\u00fchnchen.<\/p>\n<p><strong>Was ist dein gr\u00f6\u00dfter Wunsch?<\/strong> Ich w\u00fcnsche mir, endlich mal zum Konzert von meiner Lieblingsband gehen zu k\u00f6nnen.<\/p>\n<p><strong>Was m\u00f6chtest du sp\u00e4ter werden?<\/strong> Malerin oder irgendwas, wo ich malen und zeichnen kann.<\/p>\n<p><strong>Was magst du besonders an deiner Stadt?<\/strong> Ich mag es, dass wir ein gro\u00dfes Shoppingcenter und ein riiiiiiesiges Kino haben.<\/p>\n<p><strong>Was spielst du am liebsten?<\/strong> Ich spiele am liebsten BTS Superstar, das ist ein Tanzspiel.<\/p>\n<p><strong>Welches ist dein Lieblingsfest?<\/strong> Erntedank.<\/p>\n<p><strong>Was ist dein Lieblingstier?<\/strong> Katze.<\/p>\n<p><strong>Was kannst du besonders gut?<\/strong> Ich kann ein bisschen zeichnen.<\/p>\n<p><strong>Was m\u00f6chtest du gerne im Handumdrehen lernen?<\/strong> Kochen.<\/p>\n<p><strong>Was kannst du besser als deine Eltern?<\/strong> Zeichnen.<\/p>\n<p><strong>In welches Land m\u00f6chtest du gerne mal reisen?<\/strong> S\u00fcdkorea, Japan, USA&#8230; ich kann mich gar nicht entscheiden.<\/p>\n<p><strong>Was f\u00e4llt dir zum Storch ein?<\/strong> Er ist ein gro\u00dfer, sch\u00f6ner Vogel.<\/p>\n<p><strong>Hast du schon mal einen Storch gesehen?<\/strong> Nein, noch nicht.<\/p>\n<p><\/div>","protected":false},"excerpt":{"rendered":"<p>\u00dcber acht verschiedene Routen fliegen die St\u00f6rche \u00fcber Bulgarien. ForscherInnen und Vogelfreunde\u00a0 k\u00f6nnen daher die Langbeiner hier besonders gut beobachten und erforschen. Die Hauptstadt von Bulgarien hei\u00dft Sofia. Hier lebt fast jeder sechste Bulgare. Es gibt sehr viele Gebirge in Bulgarien, das bekannteste ist das Balkangebirge. Da die Gebirge zu einem gro\u00dfen Teil aus br\u00fcchigem [&hellip;]<\/p>\n<div class=\"excerpt\"> <a href=\"https:\/\/www.storchenreise.de\/reisen\/fliegen\/segeln-in-den-sueden-die-ostroute\/bulgarien\/\"> Weiterlesen &#8230;<\/a><\/div>","protected":false},"author":2,"featured_media":0,"parent":605,"menu_order":119,"comment_status":"closed","ping_status":"closed","template":"","meta":{"footnotes":""},"class_list":["post-649","page","type-page","status-publish","hentry"],"_links":{"self":[{"href":"https:\/\/www.storchenreise.de\/reisen\/wp-json\/wp\/v2\/pages\/649","targetHints":{"allow":["GET"]}}],"collection":[{"href":"https:\/\/www.storchenreise.de\/reisen\/wp-json\/wp\/v2\/pages"}],"about":[{"href":"https:\/\/www.storchenreise.de\/reisen\/wp-json\/wp\/v2\/types\/page"}],"author":[{"embeddable":true,"href":"https:\/\/www.storchenreise.de\/reisen\/wp-json\/wp\/v2\/users\/2"}],"replies":[{"embeddable":true,"href":"https:\/\/www.storchenreise.de\/reisen\/wp-json\/wp\/v2\/comments?post=649"}],"version-history":[{"count":2,"href":"https:\/\/www.storchenreise.de\/reisen\/wp-json\/wp\/v2\/pages\/649\/revisions"}],"predecessor-version":[{"id":1475,"href":"https:\/\/www.storchenreise.de\/reisen\/wp-json\/wp\/v2\/pages\/649\/revisions\/1475"}],"up":[{"embeddable":true,"href":"https:\/\/www.storchenreise.de\/reisen\/wp-json\/wp\/v2\/pages\/605"}],"wp:attachment":[{"href":"https:\/\/www.storchenreise.de\/reisen\/wp-json\/wp\/v2\/media?parent=649"}],"curies":[{"name":"wp","href":"https:\/\/api.w.org\/{rel}","templated":true}]}}