{"id":641,"date":"2014-09-02T10:46:48","date_gmt":"2014-09-02T08:46:48","guid":{"rendered":"http:\/\/www.storchenreise.de\/reisen\/?page_id=641"},"modified":"2025-09-18T14:20:34","modified_gmt":"2025-09-18T12:20:34","slug":"rumaenien","status":"publish","type":"page","link":"https:\/\/www.storchenreise.de\/reisen\/fliegen\/segeln-in-den-sueden-die-ostroute\/rumaenien\/","title":{"rendered":"Rum\u00e4nien"},"content":{"rendered":"<p>Rum\u00e4nien ist der Legende nach die Heimat von dem ber\u00fchmten Vampir Dracula. Bewiesen ist, dass hier \u00fcber 4000 verschiedenen Tierarten leben und zwar im Donaudelta. Im Donaudelta\u00a0 f\u00e4chert sich die Donau in viele Seitenarme auf bevor sie in das Schwarze Meer m\u00fcndet. Ein Paradies auch f\u00fcr St\u00f6rche, denn mehr Fische als hier gibt es in kaum einem anderen Land in Europa. Ein idealer Rastplatz\u00a0 bevor die St\u00f6rche weiter in den S\u00fcden ziehen.<\/p>\n<p>In Rum\u00e4nien gibt es sehr viel Wald, das bekannteste Gebirge sind die Karpaten. Viele Rum\u00e4nen sind arm, vor allem die auf dem Land leben. Die Menschen in den St\u00e4dten haben meist etwas mehr Geld. Die Hauptstadt hei\u00dft Bukarest. Fr\u00fcher war es eine sehr sch\u00f6ne Stadt, im Zweiten Weltkrieg wurden viele der prachtvollen Geb\u00e4ude zerst\u00f6rt.<\/p>\n<p>Fu\u00dfball ist die beliebteste Sportart in Rum\u00e4nien. Die Fu\u00dfballnationalmannschaft geh\u00f6rte in den 1990er Jahren sogar zur europ\u00e4ischen Spitze.<\/p>\n<div class=\"wissen\"><h2><img decoding=\"async\" class=\" flat alignleft\" src=\"\/reisen\/wordpress\/wp-content\/themes\/storchenreise-child-reisen\/img\/wusstest-du-schon.png\" alt=\"Wusstest Du schon\" width=\"auto\" height=\"200\">Wusstest Du schon, dass \u2026<\/h2><p><\/p>\n<p>der Westen Rum\u00e4niens auch \u201eUrwald Europas\u201c hei\u00dft? In der unber\u00fchrten Landschaft leben Tiere, die es bei uns kaum noch gibt wie B\u00e4ren, Luchse und W\u00f6lfe.<\/p>\n<p><\/p><\/div>\n<div class=\"fragebogen\"><span>Steckbrief<\/span><\/p>\n<p><img loading=\"lazy\" decoding=\"async\" class=\"alignright size-medium wp-image-696\" src=\"http:\/\/www.storchenreise.de\/reisen\/wordpress\/wp-content\/uploads\/rumaenien-stefana-300x173.jpg\" alt=\"rumaenien-stefana\" width=\"300\" height=\"173\" srcset=\"https:\/\/www.storchenreise.de\/reisen\/wordpress\/wp-content\/uploads\/rumaenien-stefana-300x173.jpg 300w, https:\/\/www.storchenreise.de\/reisen\/wordpress\/wp-content\/uploads\/rumaenien-stefana.jpg 400w\" sizes=\"auto, (max-width: 300px) 100vw, 300px\" \/><\/p>\n<p><b>Wie hei\u00dft du? <\/b>Andreea Stefana<\/p>\n<p><b>Wie alt bist du? <\/b>Ich bin zehn Jahre alt.<\/p>\n<p><b>Wie begr\u00fc\u00dft man sich bei euch? <\/b>\u201eBuna\u201c oder \u201eSalut!\u201c<\/p>\n<p><b>Was siehst du, wenn du aus deinem Haus guckst? <\/b>Ich sehe B\u00e4ume ohne Bl\u00e4tter, einen wolkigen Himmel, Schnee, der schmilzt. Es ist weder Winter noch Fr\u00fchling.<\/p>\n<p><b>An welchem Ort bist du am liebsten? <\/b>Ich bin am liebsten in der Schule, weil ich dort immer was Neues lerne, meine Freunde auch da sind und wir Spa\u00df zusammen haben k\u00f6nnen.<\/p>\n<p><b>Wovor hast du Angst? <\/b>Ich habe Angst vor Schlangen, Echsen und Fr\u00f6schen.<\/p>\n<p><b>Was ist dein Lieblingsessen? <\/b>H\u00fchnersuppe und Pfannkuchen mit Marmelade.<\/p>\n<p><b>Was ist dein gr\u00f6\u00dfter Wunsch? <\/b>Ich m\u00f6chte gerne Pop S\u00e4ngerin werden.<\/p>\n<p><b>Was m\u00f6chtest du sp\u00e4ter werden? <\/b>Pop S\u00e4ngerin<\/p>\n<p><b>Was magst du besonders an deinem Dorf? <\/b>Ich mag, dass es hier so viele L\u00e4den gibt, viele Kinder mit denen ich spielen kann, gr\u00fcne Berge, viele B\u00e4ume und Blumen.<\/p>\n<p><b>Was spielst du am liebsten? <\/b>Verstecken.<\/p>\n<p><b>Welches ist dein Lieblingsfest? <\/b>Weihnachten.<\/p>\n<p><b>Was ist dein Lieblingstier? <\/b>Hund.<\/p>\n<p><b>Was kannst du besonders gut? <\/b>Ich kann gut basteln.<\/p>\n<p><b>Was m\u00f6chtest du gerne im Handumdrehen lernen? <\/b>Gitarre spielen<\/p>\n<p><b>Was kannst du besser als deine Eltern? <\/b>Ich kann besser Schuhe putzen als meine Eltern.<\/p>\n<p><b>In welches Land m\u00f6chtest du gerne mal reisen? <\/b>Nach \u00c4gypten. Ich mag die arabische Kultur und die Menschen, ihre Musik und ihren Tanz.<\/p>\n<p><b>Was f\u00e4llt dir zum Storch ein? <\/b>Bei uns sagt man, dass die St\u00f6rche Babys bringen. Au\u00dferdem gibt es noch das Sprichwort, dass wenn man zu Beginn des Fr\u00fchlings nur einen Storch sieht, man den ganzen Sommer \u00fcber alleine ist. Sieht man hingegen einen Schwarm von St\u00f6rchen, dann wird man viele Freunde um sich haben.<\/p>\n<p><b>Hast du schon mal einen Storch gesehen? <\/b>Ja, schon oft. Ich lebe in einem Dorf, in dem es jede Menge Horste gibt.<\/p>\n<p><\/div>\n<p>&nbsp;<\/p>","protected":false},"excerpt":{"rendered":"<p>Rum\u00e4nien ist der Legende nach die Heimat von dem ber\u00fchmten Vampir Dracula. Bewiesen ist, dass hier \u00fcber 4000 verschiedenen Tierarten leben und zwar im Donaudelta. Im Donaudelta\u00a0 f\u00e4chert sich die Donau in viele Seitenarme auf bevor sie in das Schwarze Meer m\u00fcndet. Ein Paradies auch f\u00fcr St\u00f6rche, denn mehr Fische als hier gibt es in [&hellip;]<\/p>\n<div class=\"excerpt\"> <a href=\"https:\/\/www.storchenreise.de\/reisen\/fliegen\/segeln-in-den-sueden-die-ostroute\/rumaenien\/\"> Weiterlesen &#8230;<\/a><\/div>","protected":false},"author":2,"featured_media":0,"parent":605,"menu_order":119,"comment_status":"closed","ping_status":"closed","template":"","meta":{"footnotes":""},"class_list":["post-641","page","type-page","status-publish","hentry"],"_links":{"self":[{"href":"https:\/\/www.storchenreise.de\/reisen\/wp-json\/wp\/v2\/pages\/641","targetHints":{"allow":["GET"]}}],"collection":[{"href":"https:\/\/www.storchenreise.de\/reisen\/wp-json\/wp\/v2\/pages"}],"about":[{"href":"https:\/\/www.storchenreise.de\/reisen\/wp-json\/wp\/v2\/types\/page"}],"author":[{"embeddable":true,"href":"https:\/\/www.storchenreise.de\/reisen\/wp-json\/wp\/v2\/users\/2"}],"replies":[{"embeddable":true,"href":"https:\/\/www.storchenreise.de\/reisen\/wp-json\/wp\/v2\/comments?post=641"}],"version-history":[{"count":7,"href":"https:\/\/www.storchenreise.de\/reisen\/wp-json\/wp\/v2\/pages\/641\/revisions"}],"predecessor-version":[{"id":852,"href":"https:\/\/www.storchenreise.de\/reisen\/wp-json\/wp\/v2\/pages\/641\/revisions\/852"}],"up":[{"embeddable":true,"href":"https:\/\/www.storchenreise.de\/reisen\/wp-json\/wp\/v2\/pages\/605"}],"wp:attachment":[{"href":"https:\/\/www.storchenreise.de\/reisen\/wp-json\/wp\/v2\/media?parent=641"}],"curies":[{"name":"wp","href":"https:\/\/api.w.org\/{rel}","templated":true}]}}