{"id":626,"date":"2014-09-02T10:05:26","date_gmt":"2014-09-02T08:05:26","guid":{"rendered":"http:\/\/www.storchenreise.de\/reisen\/?page_id=626"},"modified":"2025-09-18T14:20:54","modified_gmt":"2025-09-18T12:20:54","slug":"slowakei","status":"publish","type":"page","link":"https:\/\/www.storchenreise.de\/reisen\/fliegen\/segeln-in-den-sueden-die-ostroute\/slowakei\/","title":{"rendered":"Slowakei"},"content":{"rendered":"<p>St\u00f6rche fliegen nicht nur \u00fcber die Slowakei hinweg, sie br\u00fcten hier auch gerne. Eines der drei wichtigsten Brutgebiete liegt in der Gemeinde Buzica an der Grenze zu Ungarn. Den Menschen hier sind die St\u00f6rche sehr wichtig, deswegen haben sie ihnen k\u00fcnstliche Nestunterlagen gebaut, damit die Langbeiner nicht auf den gef\u00e4hrlichen Strommasten br\u00fcten m\u00fcssen.\u00a0 Alle Einwohner helfen mit, die Tiere zu sch\u00fctzen, auch die Kinder. Sie helfen, die St\u00f6rche zu z\u00e4hlen und beringen sie. Das hei\u00dft, dass sie ihnen einen leichten Aluminiumring mit einer Nummer um das Bein binden. ForscherInnen k\u00f6nnen so das Leben und den Zug der St\u00f6rche besser erforschen und die Tiere vor Gefahren sch\u00fctzen.<\/p>\n<p>Die Slowakei liegt im Herzen Mitteleuropas. Die Karpaten, eine Gebirgskette, erstreckt sich \u00fcber den Norden des Landes. Durch den S\u00fcdwesten der Slowakei schl\u00e4ngelt sich die Donau. Hier bauen Bauern Weizen, Gerste, Kartoffeln, Trauben, Tabak und Zuckerr\u00fcben an. Lange Zeit geh\u00f6rte die Slowakei zu Ungarn, im Jahre 1918 gr\u00fcndete die Slowakei mit Tschechien die Tschechoslowakei. 1993 teilte sich die Tschechoslowakei wieder in zwei Staaten: Tschechin und die Slowakei. Noch heute sprechen und verstehen viele Slowaken sehr gut ungarisch, ihre Muttersprache ist aber slowakisch.<\/p>\n<div class=\"wissen\"><h2><img decoding=\"async\" class=\" flat alignleft\" src=\"\/reisen\/wordpress\/wp-content\/themes\/storchenreise-child-reisen\/img\/wusstest-du-schon.png\" alt=\"Wusstest Du schon\" width=\"auto\" height=\"200\">Wusstest Du schon, dass \u2026<\/h2><p><\/p>\n<p>ein Slowake und zwar \u0160tefan Bani\u010d 1913 den Fallschirm erfand?<\/p>\n<p><\/p><\/div>\n<p>&nbsp;<\/p>\n\n<div class=\"fragebogen\"><span>Steckbrief<\/span><img loading=\"lazy\" decoding=\"async\" class=\"alignright wp-image-1479 size-thumbnail\" src=\"http:\/\/www.storchenreise.de\/reisen\/wordpress\/wp-content\/uploads\/Bild-Slowakei-1-150x150.jpg\" alt=\"\" width=\"150\" height=\"150\" \/><br \/>\n<strong>Wie hei\u00dft du?<\/strong> Eni<\/p>\n<p><strong>Wie alt bist du?<\/strong> 14 Jahre<\/p>\n<p><strong>Wie begr\u00fc\u00dft man sich bei euch?<\/strong> Ahoy<\/p>\n<p><strong>Was siehst du, wenn du aus deinem Haus guckst?<\/strong> Ich sehe einen kleinen Wald und unseren Garten.<\/p>\n<p><strong>An welchem Ort bist du am liebsten?<\/strong> Ich bin am liebsten zuhause in meinem Zimmer. Oder in unserer Schulb\u00fccherei.<\/p>\n<p><strong>Wovor hast du Angst?<\/strong> Ich habe Angst vor allen m\u00f6glichen Arten von K\u00e4fern und Insekten, alles, was krabbelt. Igitt!<\/p>\n<p><strong>Was ist dein Lieblingsessen?<\/strong> Brokkolisuppe und Fast Food.<\/p>\n<p><strong>Was ist dein gr\u00f6\u00dfter Wunsch?<\/strong> Ich w\u00fcnsche mir, sp\u00e4ter mal in ein anderes Land zu ziehen.<\/p>\n<p><strong>Was m\u00f6chtest du sp\u00e4ter werden?<\/strong> Ingenieurin.<\/p>\n<p><strong>Was magst du besonders an deiner Stadt?<\/strong> Ich mag es, dass es hier so ruhig ist.<\/p>\n<p><strong>Was spielst du am liebsten?<\/strong> Ich spiele am liebsten Computer-oder Videospiele. So was wie League of legends und Overwatch.<\/p>\n<p><strong>Welches ist dein Lieblingsfest?<\/strong> Ich habe kein Lieblingsfest.<\/p>\n<p><strong>Was ist dein Lieblingstier?<\/strong> Alle Tiere sind toll!<\/p>\n<p><strong>Was kannst du besonders gut?<\/strong> Ich kenne mich mit Technik ganz gut aus.<\/p>\n<p><strong>Was m\u00f6chtest du gerne im Handumdrehen lernen?<\/strong> Deutsch.<\/p>\n<p><strong>Was kannst du besser als deine Eltern?<\/strong> Im Internet Sachen bestellen.<\/p>\n<p><strong>In welches Land m\u00f6chtest du gerne mal reisen?<\/strong> \u00dcberallhin. Eine Rundreise w\u00e4r cool, ich interessiere mich f\u00fcr andere Kulturen.<\/p>\n<p><strong>Was f\u00e4llt dir zum Storch ein?<\/strong> Fr\u00fcher waren hier total viele St\u00f6rche, aber heute sehe ich leider \u00fcberhaupt keine mehr&#8230; das macht mich traurig.<\/p>\n<p><strong>Hast du schon mal einen Storch gesehen?<\/strong> Ja, als ich noch kleiner war.<\/p>\n<p><\/div>","protected":false},"excerpt":{"rendered":"<p>St\u00f6rche fliegen nicht nur \u00fcber die Slowakei hinweg, sie br\u00fcten hier auch gerne. Eines der drei wichtigsten Brutgebiete liegt in der Gemeinde Buzica an der Grenze zu Ungarn. Den Menschen hier sind die St\u00f6rche sehr wichtig, deswegen haben sie ihnen k\u00fcnstliche Nestunterlagen gebaut, damit die Langbeiner nicht auf den gef\u00e4hrlichen Strommasten br\u00fcten m\u00fcssen.\u00a0 Alle Einwohner [&hellip;]<\/p>\n<div class=\"excerpt\"> <a href=\"https:\/\/www.storchenreise.de\/reisen\/fliegen\/segeln-in-den-sueden-die-ostroute\/slowakei\/\"> Weiterlesen &#8230;<\/a><\/div>","protected":false},"author":2,"featured_media":0,"parent":605,"menu_order":119,"comment_status":"closed","ping_status":"closed","template":"","meta":{"footnotes":""},"class_list":["post-626","page","type-page","status-publish","hentry"],"_links":{"self":[{"href":"https:\/\/www.storchenreise.de\/reisen\/wp-json\/wp\/v2\/pages\/626","targetHints":{"allow":["GET"]}}],"collection":[{"href":"https:\/\/www.storchenreise.de\/reisen\/wp-json\/wp\/v2\/pages"}],"about":[{"href":"https:\/\/www.storchenreise.de\/reisen\/wp-json\/wp\/v2\/types\/page"}],"author":[{"embeddable":true,"href":"https:\/\/www.storchenreise.de\/reisen\/wp-json\/wp\/v2\/users\/2"}],"replies":[{"embeddable":true,"href":"https:\/\/www.storchenreise.de\/reisen\/wp-json\/wp\/v2\/comments?post=626"}],"version-history":[{"count":3,"href":"https:\/\/www.storchenreise.de\/reisen\/wp-json\/wp\/v2\/pages\/626\/revisions"}],"predecessor-version":[{"id":1480,"href":"https:\/\/www.storchenreise.de\/reisen\/wp-json\/wp\/v2\/pages\/626\/revisions\/1480"}],"up":[{"embeddable":true,"href":"https:\/\/www.storchenreise.de\/reisen\/wp-json\/wp\/v2\/pages\/605"}],"wp:attachment":[{"href":"https:\/\/www.storchenreise.de\/reisen\/wp-json\/wp\/v2\/media?parent=626"}],"curies":[{"name":"wp","href":"https:\/\/api.w.org\/{rel}","templated":true}]}}