{"id":339,"date":"2014-05-11T22:40:13","date_gmt":"2014-05-11T20:40:13","guid":{"rendered":"http:\/\/www.storchenreise.de\/reisen\/?page_id=339"},"modified":"2025-09-18T14:28:57","modified_gmt":"2025-09-18T12:28:57","slug":"nigeria","status":"publish","type":"page","link":"https:\/\/www.storchenreise.de\/reisen\/fliegen\/segeln-in-den-sueden-die-westroute\/nigeria\/","title":{"rendered":"Nigeria"},"content":{"rendered":"<p>Erreichen die St\u00f6rche den Nordosten von Nigeria, haben viele von ihnen ihr Ziel erreicht: das Tschadbecken. Das Tschadbecken ist eine riesige Ebene, die von hohen Gebirgen umschlossen ist. Hier am Tschadsee futtern sich die St\u00f6rche wieder Energie an und erholen sich von ihrem langen Flug. Das ist auch der Ort, an dem St\u00f6rche der Westroute auf auf ihre Artgenossen von der Ostroute treffen k\u00f6nnen.<\/p>\n<p>Einst geh\u00f6rte der Tschadsee zu den gr\u00f6\u00dften Binnenseen der Welt. Ein Binnensee ist ein See, der keinen Abfluss hat. Seit Jahren schrumpft der See, im Jahre 1984 trocknete er sogar fast komplett aus. ForscherInnen vermuten, dass das vor allem am Klimawandel liegt, der daf\u00fcr sorgt, dass es in Afrika immer weniger regnet.<\/p>\n<p>Nigeria ist das bev\u00f6lkerungsreichste Land in Afrika. Es ist dreimal so gro\u00df wie Deutschland. Abuja ist zwar die Hauptstadt von Nigeria, das Leben tobt aber in Lagos, der zweitgr\u00f6\u00dften Stadt in Afrika. Hier leben 15 Millionen Menschen. Ein Viertel der Stadt ist komplett ins Wasser gebaut worden. Die Bank, der Einkaufsladen und eine Schule schwimmen hier.<\/p>\n<p>Die Schule ist zehn Meter hoch und schaukelt auf 250 Plastikf\u00e4ssern auf dem Wasser hin und her. In Nigeria m\u00fcssen alle Kinder eine Schuluniform tragen und die Eltern m\u00fcssen Schulgeld bezahlen. Viele Kinder aus armen Familien k\u00f6nnen sich das aber nicht leisten.<\/p>\n\n<div class=\"wissen\"><h2><img decoding=\"async\" class=\" flat alignleft\" src=\"\/reisen\/wordpress\/wp-content\/themes\/storchenreise-child-reisen\/img\/wusstest-du-schon.png\" alt=\"Wusstest Du schon\" width=\"auto\" height=\"200\">Wusstest Du schon, dass \u2026<\/h2><p><\/p>\n<p>in Nigeria ein Baum w\u00e4chst, den Elefanten besonders gerne m\u00f6gen? Er hei\u00dft Affenbrotbaum und kann so viel Wasser in seinem Stamm speichern, dass er auch lange Trockenzeiten \u00fcbersteht. Elefanten wissen das und brechen mit ihren Sto\u00dfz\u00e4hnen die Rinde des Baumes auf, entfernen mit dem R\u00fcssel die feuchten Fasern im Innern des Baumes und kauen das Wasser daraus.<\/p>\n<p><\/p><\/div>\n<div class=\"fragebogen\"><span>Steckbrief<\/span><\/p>\n<p><strong><img loading=\"lazy\" decoding=\"async\" class=\"alignright size-full wp-image-385\" src=\"http:\/\/www.storchenreise.de\/reisen\/wordpress\/wp-content\/uploads\/nigeria-aniche.jpg\" alt=\"nigeria-aniche\" width=\"179\" height=\"269\" \/>Wie hei\u00dft du?<\/strong> Aniche<\/p>\n<p><strong>Wie alt bist du?<\/strong> 12 Jahre<\/p>\n<p><strong>Wie begr\u00fc\u00dft man sich bei euch?<\/strong> E lee otu o di<\/p>\n<p><strong>Was siehst du, wenn du aus deinem Haus guckst?<\/strong> Wolken<\/p>\n<p><strong>An welchem Ort bist du am liebsten?<\/strong> In der Schule.<\/p>\n<p><strong>Wovor hast du Angst?<\/strong> Ich habe Angst vor Schlangen.<\/p>\n<p><strong>Was ist dein Lieblingsessen?<\/strong> Gebratener Reis.<\/p>\n<p><strong>Was ist dein gr\u00f6\u00dfter Wunsch?<\/strong> Ich hoffe ich werde ein guter Mann.<\/p>\n<p><strong>Was m\u00f6chtest du sp\u00e4ter werden?<\/strong> Bauingenieur.<\/p>\n<p><strong>Was magst du besonders an deiner Stadt?<\/strong> Ich mag es, dass ich in einer der bekanntesten St\u00e4dte von Nigeria wohne.<\/p>\n<p><strong>Was spielst du am liebsten?<\/strong> Fu\u00dfball.<\/p>\n<p><strong>Welches ist dein Lieblingsfest?<\/strong> Weihnachten.<\/p>\n<p><strong>Was ist dein Lieblingstier?<\/strong> V\u00f6gel.<\/p>\n<p><strong>Was kannst du besonders gut?<\/strong> Ich kann gut Sachen bauen.<\/p>\n<p><strong>Was m\u00f6chtest du gerne im Handumdrehen lernen?<\/strong> Wie man mit dem Computer umgeht.<\/p>\n<p><strong>In welches Land m\u00f6chtest du gerne mal reisen?<\/strong> Nach Amerika.<\/p>\n<p><strong>Was f\u00e4llt dir zum Storch ein?<\/strong> Der Storch fliegt so weit oben und er reist so weit.<\/p>\n<p><strong>Hast du schon mal einen Storch gesehen?<\/strong> Ja.<\/p>\n<p><\/div>","protected":false},"excerpt":{"rendered":"<p>Erreichen die St\u00f6rche den Nordosten von Nigeria, haben viele von ihnen ihr Ziel erreicht: das Tschadbecken. Das Tschadbecken ist eine riesige Ebene, die von hohen Gebirgen umschlossen ist. Hier am Tschadsee futtern sich die St\u00f6rche wieder Energie an und erholen sich von ihrem langen Flug. Das ist auch der Ort, an dem St\u00f6rche der Westroute [&hellip;]<\/p>\n<div class=\"excerpt\"> <a href=\"https:\/\/www.storchenreise.de\/reisen\/fliegen\/segeln-in-den-sueden-die-westroute\/nigeria\/\"> Weiterlesen &#8230;<\/a><\/div>","protected":false},"author":2,"featured_media":0,"parent":56,"menu_order":129,"comment_status":"closed","ping_status":"closed","template":"","meta":{"footnotes":""},"class_list":["post-339","page","type-page","status-publish","hentry"],"_links":{"self":[{"href":"https:\/\/www.storchenreise.de\/reisen\/wp-json\/wp\/v2\/pages\/339","targetHints":{"allow":["GET"]}}],"collection":[{"href":"https:\/\/www.storchenreise.de\/reisen\/wp-json\/wp\/v2\/pages"}],"about":[{"href":"https:\/\/www.storchenreise.de\/reisen\/wp-json\/wp\/v2\/types\/page"}],"author":[{"embeddable":true,"href":"https:\/\/www.storchenreise.de\/reisen\/wp-json\/wp\/v2\/users\/2"}],"replies":[{"embeddable":true,"href":"https:\/\/www.storchenreise.de\/reisen\/wp-json\/wp\/v2\/comments?post=339"}],"version-history":[{"count":10,"href":"https:\/\/www.storchenreise.de\/reisen\/wp-json\/wp\/v2\/pages\/339\/revisions"}],"predecessor-version":[{"id":580,"href":"https:\/\/www.storchenreise.de\/reisen\/wp-json\/wp\/v2\/pages\/339\/revisions\/580"}],"up":[{"embeddable":true,"href":"https:\/\/www.storchenreise.de\/reisen\/wp-json\/wp\/v2\/pages\/56"}],"wp:attachment":[{"href":"https:\/\/www.storchenreise.de\/reisen\/wp-json\/wp\/v2\/media?parent=339"}],"curies":[{"name":"wp","href":"https:\/\/api.w.org\/{rel}","templated":true}]}}