{"id":328,"date":"2014-05-11T22:00:27","date_gmt":"2014-05-11T20:00:27","guid":{"rendered":"http:\/\/www.storchenreise.de\/reisen\/?page_id=328"},"modified":"2025-09-18T14:28:47","modified_gmt":"2025-09-18T12:28:47","slug":"mauretanien","status":"publish","type":"page","link":"https:\/\/www.storchenreise.de\/reisen\/fliegen\/segeln-in-den-sueden-die-westroute\/mauretanien\/","title":{"rendered":"Mauretanien"},"content":{"rendered":"<p>Sie ist nur so gro\u00df wie ein Zeigefinger, dennoch sorgt sie in Mauretanien f\u00fcr Angst und Schrecken: Die W\u00fcstenheuschrecke. Das Insekt lebt in trockenen und warmen Gebieten. Regnet es ungew\u00f6hnlich viel, vermehren sich die Tiere rasend schnell. Bis zu viermal k\u00f6nnen Heuschrecken dann im Jahr br\u00fcten. In Schw\u00e4rmen fallen die hungrigen Tierchen \u00fcber die Felder von Bauern her, verputzen in Sekundenschnelle die Ernte und lassen sich dann vom Wind weiter treiben. Eine Katastrophe f\u00fcr die Bauern, ein Festschmaus f\u00fcr die St\u00f6rche und andere V\u00f6gel. Sie schlagen sich den Bauch mit den leckeren Heuschrecken voll und helfen so den Bauern. Klar, dass St\u00f6rche bei ihnen gern gesehene G\u00e4ste sind.<\/p>\n<p>Noch vor 50 Jahren lebten in Mauretanien fast alle Menschen als Nomaden in der W\u00fcste: Sie zogen mit ihren Familien, ihrem Besitz und ihren Tieren umher. \u00dcber viele Jahre haben immer weniger Menschen als Nomaden gelebt, in den letzten Jahren jedoch ziehen wieder mehr Nomaden umher und betreiben in Gruppen Weidewirtschaft an wechselnden Stellen.<\/p>\n<p>Der Senegal ist der einzige Fluss in Mauretanien, der das ganze Jahr \u00fcber Wasser f\u00fchrt. Nur hier k\u00f6nnen die Bauern Reis, Hirse, Mais, Kartoffeln, Erdn\u00fcsse und Gem\u00fcse anbauen. In den Oasen werden au\u00dferdem Dattelpalmen gez\u00fcchtet, an den K\u00fcsten leben die Menschen vom Fischfang.<\/p>\n<p>Viele Kinder m\u00fcssen weit gehen, bis sie in der Schule sind. Die Klassenzimmer sind \u00fcberf\u00fcllt und manche Kinder m\u00fcssen auf dem Boden sitzen, weil es nicht genug B\u00e4nke f\u00fcr alle gibt.<\/p>\n\n<div class=\"wissen\"><h2><img decoding=\"async\" class=\" flat alignleft\" src=\"\/reisen\/wordpress\/wp-content\/themes\/storchenreise-child-reisen\/img\/wusstest-du-schon.png\" alt=\"Wusstest Du schon\" width=\"auto\" height=\"200\">Wusstest Du schon, dass \u2026<\/h2><p><\/p>\n<p>es in Mauretanien strengstens verboten ist, Plastikt\u00fcten herzustellen, zu verkaufen und sogar zu benutzen? Wer dabei erwischt wird, es trotzdem zu tun, kommt sogar ins Gef\u00e4ngnis. Damit will die Regierung etwas zum Umweltschutz beitragen.<\/p>\n<p><\/p><\/div>","protected":false},"excerpt":{"rendered":"<p>Sie ist nur so gro\u00df wie ein Zeigefinger, dennoch sorgt sie in Mauretanien f\u00fcr Angst und Schrecken: Die W\u00fcstenheuschrecke. Das Insekt lebt in trockenen und warmen Gebieten. Regnet es ungew\u00f6hnlich viel, vermehren sich die Tiere rasend schnell. Bis zu viermal k\u00f6nnen Heuschrecken dann im Jahr br\u00fcten. In Schw\u00e4rmen fallen die hungrigen Tierchen \u00fcber die Felder [&hellip;]<\/p>\n<div class=\"excerpt\"> <a href=\"https:\/\/www.storchenreise.de\/reisen\/fliegen\/segeln-in-den-sueden-die-westroute\/mauretanien\/\"> Weiterlesen &#8230;<\/a><\/div>","protected":false},"author":2,"featured_media":0,"parent":56,"menu_order":129,"comment_status":"closed","ping_status":"closed","template":"","meta":{"footnotes":""},"class_list":["post-328","page","type-page","status-publish","hentry"],"_links":{"self":[{"href":"https:\/\/www.storchenreise.de\/reisen\/wp-json\/wp\/v2\/pages\/328","targetHints":{"allow":["GET"]}}],"collection":[{"href":"https:\/\/www.storchenreise.de\/reisen\/wp-json\/wp\/v2\/pages"}],"about":[{"href":"https:\/\/www.storchenreise.de\/reisen\/wp-json\/wp\/v2\/types\/page"}],"author":[{"embeddable":true,"href":"https:\/\/www.storchenreise.de\/reisen\/wp-json\/wp\/v2\/users\/2"}],"replies":[{"embeddable":true,"href":"https:\/\/www.storchenreise.de\/reisen\/wp-json\/wp\/v2\/comments?post=328"}],"version-history":[{"count":8,"href":"https:\/\/www.storchenreise.de\/reisen\/wp-json\/wp\/v2\/pages\/328\/revisions"}],"predecessor-version":[{"id":574,"href":"https:\/\/www.storchenreise.de\/reisen\/wp-json\/wp\/v2\/pages\/328\/revisions\/574"}],"up":[{"embeddable":true,"href":"https:\/\/www.storchenreise.de\/reisen\/wp-json\/wp\/v2\/pages\/56"}],"wp:attachment":[{"href":"https:\/\/www.storchenreise.de\/reisen\/wp-json\/wp\/v2\/media?parent=328"}],"curies":[{"name":"wp","href":"https:\/\/api.w.org\/{rel}","templated":true}]}}