{"id":324,"date":"2014-05-11T21:51:26","date_gmt":"2014-05-11T19:51:26","guid":{"rendered":"http:\/\/www.storchenreise.de\/reisen\/?page_id=324"},"modified":"2025-09-18T14:28:38","modified_gmt":"2025-09-18T12:28:38","slug":"mali","status":"publish","type":"page","link":"https:\/\/www.storchenreise.de\/reisen\/fliegen\/segeln-in-den-sueden-die-westroute\/mali\/","title":{"rendered":"Mali"},"content":{"rendered":"<p>In Mali wie auch in anderen muslimischen L\u00e4ndern gilt der Storch als frommer Vogel, der Gl\u00fcck bringt. Muslime nennt man Menschen, die an den Islam glauben. Der Islam ist eine der f\u00fcnf gro\u00dfen Weltreligionen. Muslime beten f\u00fcnfmal am Tag, ganz egal wo sie gerade sind. Sie beten also auch bei der Arbeit und ganz unterschiedlich: Manche stehen oder knien und beugen sich so weit nach vorne, dass die Stirn den Boden ber\u00fchrt. Wenn sich St\u00f6rche in ihre Nester setzen, sieht es auch ein bisschen so aus, als ob sie sich verbeugen. Muslime sehen deswegen darin ein Symbol f\u00fcr das muslimische Gebet.<\/p>\n<p>Mali ist etwa vier Mal so gro\u00df wie Deutschland. \u00dcber die H\u00e4lfte des Landes ist allerdings von W\u00fcste bedeckt, in der kaum Menschen leben. Wenn die St\u00f6rche im September die Savannen s\u00fcdlich der Sahara erreichen ist die kurze Regenzeit gerade zuende gegangen. Hat es genug geregnet? Nur dann k\u00f6nnen die St\u00f6rche viel Futter finden und den Winter gut \u00fcberstehen.<\/p>\n<p>Die Hauptstadt Bamako liegt am gro\u00dfen Fluss Niger. Der Niger bildet in Mali ein gewaltiges Binnendelta in dem viele Vogelarten aus dem Norden den Winter verbringen. Hier liegen auch viele Reisfelder und f\u00fcr den Storch ist Mali ein sehr wichtiges \u00dcberwinterungsland.<\/p>\n<p>Zur Schule gehen hier nur wenige Kinder, obwohl es eigentlich eine Schulpflicht gibt. Die meisten von ihnen m\u00fcssen schon fr\u00fch hart arbeiten. In einer Familie gibt es oft viele Geschwister. Das liegt daran, dass in Mali fast jeder Mann mehrere Frauen hat.<\/p>\n<p>Die Frauen bereiten das Essen zu, meist Getreidebrei. Fisch und Fleisch kommt nur wenig auf den Tisch. M\u00e4nner und Frauen essen getrennt.<\/p>\n\n<div class=\"wissen\"><h2><img decoding=\"async\" class=\" flat alignleft\" src=\"\/reisen\/wordpress\/wp-content\/themes\/storchenreise-child-reisen\/img\/wusstest-du-schon.png\" alt=\"Wusstest Du schon\" width=\"auto\" height=\"200\">Wusstest Du schon, dass \u2026<\/h2><p><\/p>\n<p>in Mali die So\u00dfe beim Essen besonders wichtig ist? Die So\u00dfe soll zeigen, wie sehr eine Frau ihren Mann liebt. Je mehr Sauce auf dem Teller schwimmt, desto gr\u00f6\u00dfer ist die Liebe der Frau zu ihrem Mann. Deswegen kommt das Thema \u201eSo\u00dfe\u201c auch h\u00e4ufig in malischen Fernsehserien vor.<\/p>\n<p><\/p><\/div>","protected":false},"excerpt":{"rendered":"<p>In Mali wie auch in anderen muslimischen L\u00e4ndern gilt der Storch als frommer Vogel, der Gl\u00fcck bringt. Muslime nennt man Menschen, die an den Islam glauben. Der Islam ist eine der f\u00fcnf gro\u00dfen Weltreligionen. Muslime beten f\u00fcnfmal am Tag, ganz egal wo sie gerade sind. Sie beten also auch bei der Arbeit und ganz unterschiedlich: [&hellip;]<\/p>\n<div class=\"excerpt\"> <a href=\"https:\/\/www.storchenreise.de\/reisen\/fliegen\/segeln-in-den-sueden-die-westroute\/mali\/\"> Weiterlesen &#8230;<\/a><\/div>","protected":false},"author":2,"featured_media":0,"parent":56,"menu_order":129,"comment_status":"closed","ping_status":"closed","template":"","meta":{"footnotes":""},"class_list":["post-324","page","type-page","status-publish","hentry"],"_links":{"self":[{"href":"https:\/\/www.storchenreise.de\/reisen\/wp-json\/wp\/v2\/pages\/324","targetHints":{"allow":["GET"]}}],"collection":[{"href":"https:\/\/www.storchenreise.de\/reisen\/wp-json\/wp\/v2\/pages"}],"about":[{"href":"https:\/\/www.storchenreise.de\/reisen\/wp-json\/wp\/v2\/types\/page"}],"author":[{"embeddable":true,"href":"https:\/\/www.storchenreise.de\/reisen\/wp-json\/wp\/v2\/users\/2"}],"replies":[{"embeddable":true,"href":"https:\/\/www.storchenreise.de\/reisen\/wp-json\/wp\/v2\/comments?post=324"}],"version-history":[{"count":7,"href":"https:\/\/www.storchenreise.de\/reisen\/wp-json\/wp\/v2\/pages\/324\/revisions"}],"predecessor-version":[{"id":572,"href":"https:\/\/www.storchenreise.de\/reisen\/wp-json\/wp\/v2\/pages\/324\/revisions\/572"}],"up":[{"embeddable":true,"href":"https:\/\/www.storchenreise.de\/reisen\/wp-json\/wp\/v2\/pages\/56"}],"wp:attachment":[{"href":"https:\/\/www.storchenreise.de\/reisen\/wp-json\/wp\/v2\/media?parent=324"}],"curies":[{"name":"wp","href":"https:\/\/api.w.org\/{rel}","templated":true}]}}