{"id":320,"date":"2014-05-11T21:35:19","date_gmt":"2014-05-11T19:35:19","guid":{"rendered":"http:\/\/www.storchenreise.de\/reisen\/?page_id=320"},"modified":"2025-09-18T14:28:43","modified_gmt":"2025-09-18T12:28:43","slug":"marokko","status":"publish","type":"page","link":"https:\/\/www.storchenreise.de\/reisen\/fliegen\/segeln-in-den-sueden-die-westroute\/marokko\/","title":{"rendered":"Marokko"},"content":{"rendered":"<p>Marokko ist das erste afrikanische Land, in dem die St\u00f6rche landen. Mit Hilfe von warmen Aufwinden segeln sie \u00fcber die Stra\u00dfe von Gibraltar, eine Meerenge, die Europa von Afrika trennt. Im K\u00f6nigreich Marokko machen die St\u00f6rche eine Pause und fressen sich Energie f\u00fcr ihren Flug \u00fcber die W\u00fcste an. Es gibt jedoch auch St\u00f6rche, die in Marokko br\u00fcten zum Beispiel auf der Palastmauer in Marrakesch.<\/p>\n<p>Marokko ist etwas gr\u00f6\u00dfer als Deutschland. Die Hauptstadt hei\u00dft Rabat und liegt an der Atlantikk\u00fcste. Ihre Freizeit verbringen viele Marokkaner gerne zuhause mit ihren Familien. Eigentlich m\u00fcssen alle Kinder von sieben bis dreizehn Jahren in die Schule gehen. Die Eltern mancher Kinder sind aber so arm, dass ihre Kinder ihnen bei der Arbeit helfen m\u00fcssen, damit sie genug Geld zum Leben haben. Einmal quer durch das Land zieht sich ein riesiges Gebirge, das Atlasgebirge. Hier leben zur\u00fcckgezogen in kleinen H\u00e4usern aus Lehm die Ureinwohner Marokkos, die Berber. Teppiche geh\u00f6ren zu ihrer Kultur genauso wie Minztee, Schmuck und Musik. Die Teppiche werden als Schlafunterlage benutzt, sie schm\u00fccken W\u00e4nde oder den Boden und sind manchmal auch Kleidungsst\u00fccke.\u00a0 Und \u2013 ihre unz\u00e4hligen unterschiedlichen Formen und Symbole verraten viel \u00fcber die uralte Geschichte der verchiedenen St\u00e4mme der Berber.<\/p>\n\n<div class=\"wissen\"><h2><img decoding=\"async\" class=\" flat alignleft\" src=\"\/reisen\/wordpress\/wp-content\/themes\/storchenreise-child-reisen\/img\/wusstest-du-schon.png\" alt=\"Wusstest Du schon\" width=\"auto\" height=\"200\">Wusstest Du schon, dass \u2026<\/h2><p><\/p>\n<p>es im 18. Jahrhundert in Marokko ein \u201eDar Bellarj\u201c, ein Storchenkrankenhaus, gab? Bis heute, so sagt es die Legende, kommen kranke St\u00f6rche auf ihrem letzten Flug in das Storchenhaus, wie es immer noch genannt wird.<\/p>\n<p><\/p><\/div>\n<p>&nbsp;<\/p>\n<div class=\"fragebogen\"><span>Steckbrief<\/span><br \/>\n<strong>Wie hei\u00dft du?<\/strong> Kaouthar<\/p>\n<p><strong>Wie alt bist du?<\/strong> 16 Jahre<\/p>\n<p><strong>Wie begr\u00fc\u00dft man sich bei euch?<\/strong> Essalamo alaykom.<\/p>\n<p><strong>Was siehst du, wenn du aus deinem Haus guckst?<\/strong> Unseren Garten.<\/p>\n<p><strong>An welchem Ort bist du am liebsten?<\/strong> Ich bin gerne in einer anderen Stadt in Marokko.<\/p>\n<p><strong>Wovor hast du Angst?<\/strong> Vor allen m\u00f6glichen Insekten im Dschungel.<\/p>\n<p><strong>Was ist dein Lieblingsessen?<\/strong> Marokkanische Tajine, das ist ein Gericht, das in einem speziellen Tontopf gegart wird.<\/p>\n<p><strong>Was ist dein gr\u00f6\u00dfter Wunsch?<\/strong> Ich will unbedingt mal eine Weltreise machen.<\/p>\n<p><strong>Was m\u00f6chtest du sp\u00e4ter werden?<\/strong> Ich wei\u00df noch nicht, irgend etwas Spannendes.<\/p>\n<p><strong>Was magst du besonders an deiner Stadt?<\/strong> Den typischen Stadtl\u00e4rm. Der beruhigt mich.<\/p>\n<p><strong>Was spielst du am liebsten?<\/strong> Ich spiele gerne auf Roblox, einer Spielplattform.<\/p>\n<p><strong>Welches ist dein Lieblingsfest?<\/strong> Aid el adha, das ist ein muslimisches Fest.<\/p>\n<p><strong>Was ist dein Lieblingstier?<\/strong> Hund.<\/p>\n<p><strong>Was kannst du besonders gut?<\/strong> Singen.<\/p>\n<p><strong>Was m\u00f6chtest du gerne im Handumdrehen lernen?<\/strong> Viele verschiedene Sprachen. Und ich will viel \u00fcber fremde Kulturen lernen.<\/p>\n<p><strong>Was kannst du besser als deine Eltern?<\/strong> Chatten.<\/p>\n<p><strong>In welches Land m\u00f6chtest du gerne mal reisen?<\/strong> Nach Albanien.<\/p>\n<p><strong>Was f\u00e4llt dir zum Storch ein?<\/strong> Ich habe Geschichten geh\u00f6rt, dass St\u00f6rche fr\u00fcher zum Nachrichten\u00fcbermitteln benutzt wurden, wie Brieftauben. Hm, mal gucken, was noch&#8230; ach ja, St\u00f6rche sind viel unterwegs und bauen ihre Nester seit weit oben.<\/p>\n<p><strong>Hast du schon mal einen Storch gesehen?<\/strong> Ja.<\/p>\n<p><\/div>","protected":false},"excerpt":{"rendered":"<p>Marokko ist das erste afrikanische Land, in dem die St\u00f6rche landen. Mit Hilfe von warmen Aufwinden segeln sie \u00fcber die Stra\u00dfe von Gibraltar, eine Meerenge, die Europa von Afrika trennt. Im K\u00f6nigreich Marokko machen die St\u00f6rche eine Pause und fressen sich Energie f\u00fcr ihren Flug \u00fcber die W\u00fcste an. Es gibt jedoch auch St\u00f6rche, die [&hellip;]<\/p>\n<div class=\"excerpt\"> <a href=\"https:\/\/www.storchenreise.de\/reisen\/fliegen\/segeln-in-den-sueden-die-westroute\/marokko\/\"> Weiterlesen &#8230;<\/a><\/div>","protected":false},"author":2,"featured_media":0,"parent":56,"menu_order":129,"comment_status":"closed","ping_status":"closed","template":"","meta":{"footnotes":""},"class_list":["post-320","page","type-page","status-publish","hentry"],"_links":{"self":[{"href":"https:\/\/www.storchenreise.de\/reisen\/wp-json\/wp\/v2\/pages\/320","targetHints":{"allow":["GET"]}}],"collection":[{"href":"https:\/\/www.storchenreise.de\/reisen\/wp-json\/wp\/v2\/pages"}],"about":[{"href":"https:\/\/www.storchenreise.de\/reisen\/wp-json\/wp\/v2\/types\/page"}],"author":[{"embeddable":true,"href":"https:\/\/www.storchenreise.de\/reisen\/wp-json\/wp\/v2\/users\/2"}],"replies":[{"embeddable":true,"href":"https:\/\/www.storchenreise.de\/reisen\/wp-json\/wp\/v2\/comments?post=320"}],"version-history":[{"count":4,"href":"https:\/\/www.storchenreise.de\/reisen\/wp-json\/wp\/v2\/pages\/320\/revisions"}],"predecessor-version":[{"id":1487,"href":"https:\/\/www.storchenreise.de\/reisen\/wp-json\/wp\/v2\/pages\/320\/revisions\/1487"}],"up":[{"embeddable":true,"href":"https:\/\/www.storchenreise.de\/reisen\/wp-json\/wp\/v2\/pages\/56"}],"wp:attachment":[{"href":"https:\/\/www.storchenreise.de\/reisen\/wp-json\/wp\/v2\/media?parent=320"}],"curies":[{"name":"wp","href":"https:\/\/api.w.org\/{rel}","templated":true}]}}