{"id":161,"date":"2014-02-17T16:35:11","date_gmt":"2014-02-17T14:35:11","guid":{"rendered":"http:\/\/www.storchenreise.de\/v2\/?page_id=161"},"modified":"2025-07-29T12:10:04","modified_gmt":"2025-07-29T10:10:04","slug":"stoerche-erleben","status":"publish","type":"page","link":"https:\/\/www.storchenreise.de\/fluglotsen\/stoerche-erleben\/","title":{"rendered":"St\u00f6rche erleben"},"content":{"rendered":"<p>Sie planen einen Ausflug mit Ihren Kindern, Ihrer Schulklasse oder Ihrer Kindergruppe? Hier k\u00f6nnen Sie St\u00f6rche sehen, h\u00f6ren, f\u00fchlen und erleben!<\/p>\n\r\n            \r\n            \r\n            \r\n            <a name='map2'><\/a>\r\n            \r\n            \r\n            \r\n            \r\n            <div class=\"wpgmza_map \"  id=\"wpgmza_map_2\" style=\"display:block; overflow:auto; width:100%; height:640px; float:left;\" data-settings='{\"id\":\"2\",\"map_title\":\"Storchenzentren\",\"map_width\":\"100\",\"map_height\":\"640\",\"map_start_lat\":\"51.137383\",\"map_start_lng\":\"10.001390\",\"map_start_location\":\"51.137382980775946,10.001390015625006\",\"map_start_zoom\":\"6\",\"default_marker\":\"0\",\"type\":\"4\",\"alignment\":\"2\",\"directions_enabled\":\"0\",\"styling_enabled\":\"0\",\"styling_json\":\"\",\"active\":\"0\",\"kml\":\"\",\"bicycle\":\"0\",\"traffic\":\"0\",\"dbox\":\"1\",\"dbox_width\":\"500\",\"listmarkers\":\"0\",\"listmarkers_advanced\":\"0\",\"filterbycat\":\"0\",\"ugm_enabled\":\"0\",\"ugm_category_enabled\":\"0\",\"fusion\":\"\",\"map_width_type\":\"\\\\%\",\"map_height_type\":\"px\",\"mass_marker_support\":\"0\",\"ugm_access\":\"0\",\"order_markers_by\":\"1\",\"order_markers_choice\":\"1\",\"show_user_location\":\"1\",\"default_to\":\"\",\"other_settings\":{\"store_locator_enabled\":2,\"wpgmza_store_locator_restrict\":\"\",\"store_locator_distance\":2,\"store_locator_bounce\":1,\"store_locator_hide_before_search\":2,\"store_locator_use_their_location\":2,\"store_locator_name_search\":2,\"store_locator_category\":2,\"store_locator_query_string\":\"ZIP \\\/ Address:\",\"store_locator_name_string\":\"Bezeichnung \\\/ Beschreibung:\",\"wpgmza_dbox_width_type\":\"px\",\"map_max_zoom\":\"3\",\"sl_stroke_color\":\"FF0000\",\"sl_stroke_opacity\":\"0.25\",\"sl_fill_color\":\"FF0000\",\"sl_fill_opacity\":\"0.15\",\"click_open_link\":2,\"weather_layer\":2,\"weather_layer_temp_type\":1,\"cloud_layer\":2,\"transport_layer\":0,\"wpgmza_iw_type\":\"\",\"list_markers_by\":\"0\",\"push_in_map\":\"\",\"push_in_map_placement\":\"9\",\"wpgmza_push_in_map_width\":\"\",\"wpgmza_push_in_map_height\":\"\",\"shortcodeAttributes\":{\"id\":\"2\"}}}' data-map-id='2' data-shortcode-attributes='{\"id\":\"2\"}'> <\/div>","protected":false},"excerpt":{"rendered":"<p>Sie planen einen Ausflug mit Ihren Kindern, Ihrer Schulklasse oder Ihrer Kindergruppe? Hier k\u00f6nnen Sie St\u00f6rche sehen, h\u00f6ren, f\u00fchlen und erleben!<\/p>\n<div class=\"excerpt\"> <a href=\"https:\/\/www.storchenreise.de\/fluglotsen\/stoerche-erleben\/\"> Weiterlesen &#8230;<\/a><\/div>","protected":false},"author":2,"featured_media":0,"parent":0,"menu_order":300,"comment_status":"closed","ping_status":"closed","template":"page-templates\/full-width.php","meta":{"iawp_total_views":90,"footnotes":""},"class_list":["post-161","page","type-page","status-publish","hentry"],"_links":{"self":[{"href":"https:\/\/www.storchenreise.de\/fluglotsen\/wp-json\/wp\/v2\/pages\/161","targetHints":{"allow":["GET"]}}],"collection":[{"href":"https:\/\/www.storchenreise.de\/fluglotsen\/wp-json\/wp\/v2\/pages"}],"about":[{"href":"https:\/\/www.storchenreise.de\/fluglotsen\/wp-json\/wp\/v2\/types\/page"}],"author":[{"embeddable":true,"href":"https:\/\/www.storchenreise.de\/fluglotsen\/wp-json\/wp\/v2\/users\/2"}],"replies":[{"embeddable":true,"href":"https:\/\/www.storchenreise.de\/fluglotsen\/wp-json\/wp\/v2\/comments?post=161"}],"version-history":[{"count":1,"href":"https:\/\/www.storchenreise.de\/fluglotsen\/wp-json\/wp\/v2\/pages\/161\/revisions"}],"predecessor-version":[{"id":746,"href":"https:\/\/www.storchenreise.de\/fluglotsen\/wp-json\/wp\/v2\/pages\/161\/revisions\/746"}],"wp:attachment":[{"href":"https:\/\/www.storchenreise.de\/fluglotsen\/wp-json\/wp\/v2\/media?parent=161"}],"curies":[{"name":"wp","href":"https:\/\/api.w.org\/{rel}","templated":true}]}}